{"id":9544,"date":"2024-02-09T15:52:06","date_gmt":"2024-02-09T15:52:06","guid":{"rendered":"https:\/\/valenciaswood.com\/?post_type=product&#038;p=9544"},"modified":"2024-08-20T15:44:23","modified_gmt":"2024-08-20T15:44:23","slug":"parota-mesa-no-01","status":"publish","type":"product","link":"https:\/\/valenciaswood.com\/index.php\/producto\/parota-mesa-no-01\/","title":{"rendered":"Parota, mesa n\u00ba 01"},"content":{"rendered":"<p>Mesa en madera de Parota maciza, una pieza muy elegante, acabado satinado, grieta en resina epoxi negra y patas de acero negras de dise\u00f1o.<\/p>\n<p>Medidas<\/p>\n<p>Largo: 294 cm<\/p>\n<p>Anchos: 115\/90\/115 cm<\/p>\n<p>Altura total de la mesa 77 cm.<\/p>\n<p>Si te gusta esta mesa pero la prefieres con otras medidas o acabado,\u00a0<a href=\"https:\/\/valenciaswood.com\/index.php\/categoria-producto\/solo-tablon\/cedro-del-libano\/\">elije entre nuestros tablones<\/a>\u00a0y te realizamos\u00a0<strong>tu mesa a medida<\/strong>. Cada uno de nuestros tableros es \u00fanico en forma y tama\u00f1o. Si lo necesitas, te los podemos cortar seg\u00fan tus preferencias de medidas.<\/p>\n<p>&nbsp;<\/p>\n<p>Para cualquier cuesti\u00f3n, no dudes en ponerte en contacto con nosotros llam\u00e1ndonos al n\u00famero de tel\u00e9fono 963975629.<\/p>\n","protected":false},"excerpt":{"rendered":"<p>Mesa en madera de Parota maciza, una pieza muy elegante, acabado satinado, grieta en resina epoxi negra y patas de acero negras de dise\u00f1o. Medidas Largo: 294 cm Anchos: 115\/90\/115<span class=\"excerpt-hellip\"> [\u2026]<\/span><\/p>\n","protected":false},"featured_media":9545,"comment_status":"open","ping_status":"closed","template":"","meta":[],"product_brand":[],"product_cat":[23,97],"product_tag":[],"class_list":{"0":"post-9544","1":"product","2":"type-product","3":"status-publish","4":"has-post-thumbnail","6":"product_cat-mesas-de-madera-maciza-acabadas","7":"product_cat-parota","9":"first","10":"outofstock","11":"taxable","12":"shipping-taxable","13":"purchasable","14":"product-type-simple"},"yoast_head":"<!-- This site is optimized with the Yoast SEO plugin v27.4 - https:\/\/yoast.com\/product\/yoast-seo-wordpress\/ -->\n<title>Parota, mesa n\u00ba 01 - Valencia&#039;s Wood Luxury<\/title>\n<meta name=\"description\" content=\"Mesa de madera maciza de Parota, gran variedad de especies en nuestra web, mesas a medida, elige la tuya.\" \/>\n<meta name=\"robots\" content=\"index, follow, max-snippet:-1, max-image-preview:large, max-video-preview:-1\" \/>\n<link rel=\"canonical\" href=\"https:\/\/valenciaswood.com\/index.php\/producto\/parota-mesa-no-01\/\" \/>\n<meta property=\"og:locale\" content=\"es_ES\" \/>\n<meta property=\"og:type\" content=\"article\" \/>\n<meta property=\"og:title\" content=\"Parota, mesa n\u00ba 01 - Valencia&#039;s Wood Luxury\" \/>\n<meta property=\"og:description\" content=\"Mesa de madera maciza de Parota, gran variedad de especies en nuestra web, mesas a medida, elige la tuya.\" \/>\n<meta property=\"og:url\" content=\"https:\/\/valenciaswood.com\/index.php\/producto\/parota-mesa-no-01\/\" \/>\n<meta property=\"og:site_name\" content=\"Valencia&#039;s Wood Luxury\" \/>\n<meta property=\"article:modified_time\" content=\"2024-08-20T15:44:23+00:00\" \/>\n<meta property=\"og:image\" content=\"https:\/\/valenciaswood.com\/wp-content\/uploads\/2024\/02\/IMG_7165.jpg\" \/>\n\t<meta property=\"og:image:width\" content=\"1495\" \/>\n\t<meta property=\"og:image:height\" content=\"1265\" \/>\n\t<meta property=\"og:image:type\" content=\"image\/jpeg\" \/>\n<meta name=\"twitter:card\" content=\"summary_large_image\" \/>\n<script type=\"application\/ld+json\" class=\"yoast-schema-graph\">{\"@context\":\"https:\\\/\\\/schema.org\",\"@graph\":[{\"@type\":\"WebPage\",\"@id\":\"https:\\\/\\\/valenciaswood.com\\\/index.php\\\/producto\\\/parota-mesa-no-01\\\/\",\"url\":\"https:\\\/\\\/valenciaswood.com\\\/index.php\\\/producto\\\/parota-mesa-no-01\\\/\",\"name\":\"Parota, mesa n\u00ba 01 - Valencia&#039;s Wood Luxury\",\"isPartOf\":{\"@id\":\"https:\\\/\\\/valenciaswood.com\\\/#website\"},\"primaryImageOfPage\":{\"@id\":\"https:\\\/\\\/valenciaswood.com\\\/index.php\\\/producto\\\/parota-mesa-no-01\\\/#primaryimage\"},\"image\":{\"@id\":\"https:\\\/\\\/valenciaswood.com\\\/index.php\\\/producto\\\/parota-mesa-no-01\\\/#primaryimage\"},\"thumbnailUrl\":\"https:\\\/\\\/i0.wp.com\\\/valenciaswood.com\\\/wp-content\\\/uploads\\\/2024\\\/02\\\/IMG_7165.jpg?fit=1495%2C1265&ssl=1\",\"datePublished\":\"2024-02-09T15:52:06+00:00\",\"dateModified\":\"2024-08-20T15:44:23+00:00\",\"description\":\"Mesa de madera maciza de Parota, gran variedad de especies en nuestra web, mesas a medida, elige la tuya.\",\"breadcrumb\":{\"@id\":\"https:\\\/\\\/valenciaswood.com\\\/index.php\\\/producto\\\/parota-mesa-no-01\\\/#breadcrumb\"},\"inLanguage\":\"es\",\"potentialAction\":[{\"@type\":\"ReadAction\",\"target\":[\"https:\\\/\\\/valenciaswood.com\\\/index.php\\\/producto\\\/parota-mesa-no-01\\\/\"]}]},{\"@type\":\"ImageObject\",\"inLanguage\":\"es\",\"@id\":\"https:\\\/\\\/valenciaswood.com\\\/index.php\\\/producto\\\/parota-mesa-no-01\\\/#primaryimage\",\"url\":\"https:\\\/\\\/i0.wp.com\\\/valenciaswood.com\\\/wp-content\\\/uploads\\\/2024\\\/02\\\/IMG_7165.jpg?fit=1495%2C1265&ssl=1\",\"contentUrl\":\"https:\\\/\\\/i0.wp.com\\\/valenciaswood.com\\\/wp-content\\\/uploads\\\/2024\\\/02\\\/IMG_7165.jpg?fit=1495%2C1265&ssl=1\",\"width\":1495,\"height\":1265,\"caption\":\"IMG 7165\"},{\"@type\":\"BreadcrumbList\",\"@id\":\"https:\\\/\\\/valenciaswood.com\\\/index.php\\\/producto\\\/parota-mesa-no-01\\\/#breadcrumb\",\"itemListElement\":[{\"@type\":\"ListItem\",\"position\":1,\"name\":\"Portada\",\"item\":\"https:\\\/\\\/valenciaswood.com\\\/\"},{\"@type\":\"ListItem\",\"position\":2,\"name\":\"Tienda\",\"item\":\"https:\\\/\\\/valenciaswood.com\\\/index.php\\\/tienda\\\/\"},{\"@type\":\"ListItem\",\"position\":3,\"name\":\"Parota, mesa n\u00ba 01\"}]},{\"@type\":\"WebSite\",\"@id\":\"https:\\\/\\\/valenciaswood.com\\\/#website\",\"url\":\"https:\\\/\\\/valenciaswood.com\\\/\",\"name\":\"Valencia's Wood Luxury\",\"description\":\"\",\"publisher\":{\"@id\":\"https:\\\/\\\/valenciaswood.com\\\/#organization\"},\"potentialAction\":[{\"@type\":\"SearchAction\",\"target\":{\"@type\":\"EntryPoint\",\"urlTemplate\":\"https:\\\/\\\/valenciaswood.com\\\/?s={search_term_string}\"},\"query-input\":{\"@type\":\"PropertyValueSpecification\",\"valueRequired\":true,\"valueName\":\"search_term_string\"}}],\"inLanguage\":\"es\"},{\"@type\":\"Organization\",\"@id\":\"https:\\\/\\\/valenciaswood.com\\\/#organization\",\"name\":\"Valencia's Wood\",\"url\":\"https:\\\/\\\/valenciaswood.com\\\/\",\"logo\":{\"@type\":\"ImageObject\",\"inLanguage\":\"es\",\"@id\":\"https:\\\/\\\/valenciaswood.com\\\/#\\\/schema\\\/logo\\\/image\\\/\",\"url\":\"https:\\\/\\\/i0.wp.com\\\/valenciaswood.com\\\/wp-content\\\/uploads\\\/2020\\\/01\\\/logo.png?fit=200%2C75&ssl=1\",\"contentUrl\":\"https:\\\/\\\/i0.wp.com\\\/valenciaswood.com\\\/wp-content\\\/uploads\\\/2020\\\/01\\\/logo.png?fit=200%2C75&ssl=1\",\"width\":200,\"height\":75,\"caption\":\"Valencia's Wood\"},\"image\":{\"@id\":\"https:\\\/\\\/valenciaswood.com\\\/#\\\/schema\\\/logo\\\/image\\\/\"}}]}<\/script>\n<!-- \/ Yoast SEO plugin. -->","yoast_head_json":{"title":"Parota, mesa n\u00ba 01 - Valencia&#039;s Wood Luxury","description":"Mesa de madera maciza de Parota, gran variedad de especies en nuestra web, mesas a medida, elige la tuya.","robots":{"index":"index","follow":"follow","max-snippet":"max-snippet:-1","max-image-preview":"max-image-preview:large","max-video-preview":"max-video-preview:-1"},"canonical":"https:\/\/valenciaswood.com\/index.php\/producto\/parota-mesa-no-01\/","og_locale":"es_ES","og_type":"article","og_title":"Parota, mesa n\u00ba 01 - Valencia&#039;s Wood Luxury","og_description":"Mesa de madera maciza de Parota, gran variedad de especies en nuestra web, mesas a medida, elige la tuya.","og_url":"https:\/\/valenciaswood.com\/index.php\/producto\/parota-mesa-no-01\/","og_site_name":"Valencia&#039;s Wood Luxury","article_modified_time":"2024-08-20T15:44:23+00:00","og_image":[{"width":1495,"height":1265,"url":"https:\/\/valenciaswood.com\/wp-content\/uploads\/2024\/02\/IMG_7165.jpg","type":"image\/jpeg"}],"twitter_card":"summary_large_image","schema":{"@context":"https:\/\/schema.org","@graph":[{"@type":"WebPage","@id":"https:\/\/valenciaswood.com\/index.php\/producto\/parota-mesa-no-01\/","url":"https:\/\/valenciaswood.com\/index.php\/producto\/parota-mesa-no-01\/","name":"Parota, mesa n\u00ba 01 - Valencia&#039;s Wood Luxury","isPartOf":{"@id":"https:\/\/valenciaswood.com\/#website"},"primaryImageOfPage":{"@id":"https:\/\/valenciaswood.com\/index.php\/producto\/parota-mesa-no-01\/#primaryimage"},"image":{"@id":"https:\/\/valenciaswood.com\/index.php\/producto\/parota-mesa-no-01\/#primaryimage"},"thumbnailUrl":"https:\/\/i0.wp.com\/valenciaswood.com\/wp-content\/uploads\/2024\/02\/IMG_7165.jpg?fit=1495%2C1265&ssl=1","datePublished":"2024-02-09T15:52:06+00:00","dateModified":"2024-08-20T15:44:23+00:00","description":"Mesa de madera maciza de Parota, gran variedad de especies en nuestra web, mesas a medida, elige la tuya.","breadcrumb":{"@id":"https:\/\/valenciaswood.com\/index.php\/producto\/parota-mesa-no-01\/#breadcrumb"},"inLanguage":"es","potentialAction":[{"@type":"ReadAction","target":["https:\/\/valenciaswood.com\/index.php\/producto\/parota-mesa-no-01\/"]}]},{"@type":"ImageObject","inLanguage":"es","@id":"https:\/\/valenciaswood.com\/index.php\/producto\/parota-mesa-no-01\/#primaryimage","url":"https:\/\/i0.wp.com\/valenciaswood.com\/wp-content\/uploads\/2024\/02\/IMG_7165.jpg?fit=1495%2C1265&ssl=1","contentUrl":"https:\/\/i0.wp.com\/valenciaswood.com\/wp-content\/uploads\/2024\/02\/IMG_7165.jpg?fit=1495%2C1265&ssl=1","width":1495,"height":1265,"caption":"IMG 7165"},{"@type":"BreadcrumbList","@id":"https:\/\/valenciaswood.com\/index.php\/producto\/parota-mesa-no-01\/#breadcrumb","itemListElement":[{"@type":"ListItem","position":1,"name":"Portada","item":"https:\/\/valenciaswood.com\/"},{"@type":"ListItem","position":2,"name":"Tienda","item":"https:\/\/valenciaswood.com\/index.php\/tienda\/"},{"@type":"ListItem","position":3,"name":"Parota, mesa n\u00ba 01"}]},{"@type":"WebSite","@id":"https:\/\/valenciaswood.com\/#website","url":"https:\/\/valenciaswood.com\/","name":"Valencia's Wood Luxury","description":"","publisher":{"@id":"https:\/\/valenciaswood.com\/#organization"},"potentialAction":[{"@type":"SearchAction","target":{"@type":"EntryPoint","urlTemplate":"https:\/\/valenciaswood.com\/?s={search_term_string}"},"query-input":{"@type":"PropertyValueSpecification","valueRequired":true,"valueName":"search_term_string"}}],"inLanguage":"es"},{"@type":"Organization","@id":"https:\/\/valenciaswood.com\/#organization","name":"Valencia's Wood","url":"https:\/\/valenciaswood.com\/","logo":{"@type":"ImageObject","inLanguage":"es","@id":"https:\/\/valenciaswood.com\/#\/schema\/logo\/image\/","url":"https:\/\/i0.wp.com\/valenciaswood.com\/wp-content\/uploads\/2020\/01\/logo.png?fit=200%2C75&ssl=1","contentUrl":"https:\/\/i0.wp.com\/valenciaswood.com\/wp-content\/uploads\/2020\/01\/logo.png?fit=200%2C75&ssl=1","width":200,"height":75,"caption":"Valencia's Wood"},"image":{"@id":"https:\/\/valenciaswood.com\/#\/schema\/logo\/image\/"}}]}},"jetpack_sharing_enabled":true,"_links":{"self":[{"href":"https:\/\/valenciaswood.com\/index.php\/wp-json\/wp\/v2\/product\/9544","targetHints":{"allow":["GET"]}}],"collection":[{"href":"https:\/\/valenciaswood.com\/index.php\/wp-json\/wp\/v2\/product"}],"about":[{"href":"https:\/\/valenciaswood.com\/index.php\/wp-json\/wp\/v2\/types\/product"}],"replies":[{"embeddable":true,"href":"https:\/\/valenciaswood.com\/index.php\/wp-json\/wp\/v2\/comments?post=9544"}],"wp:featuredmedia":[{"embeddable":true,"href":"https:\/\/valenciaswood.com\/index.php\/wp-json\/wp\/v2\/media\/9545"}],"wp:attachment":[{"href":"https:\/\/valenciaswood.com\/index.php\/wp-json\/wp\/v2\/media?parent=9544"}],"wp:term":[{"taxonomy":"product_brand","embeddable":true,"href":"https:\/\/valenciaswood.com\/index.php\/wp-json\/wp\/v2\/product_brand?post=9544"},{"taxonomy":"product_cat","embeddable":true,"href":"https:\/\/valenciaswood.com\/index.php\/wp-json\/wp\/v2\/product_cat?post=9544"},{"taxonomy":"product_tag","embeddable":true,"href":"https:\/\/valenciaswood.com\/index.php\/wp-json\/wp\/v2\/product_tag?post=9544"}],"curies":[{"name":"wp","href":"https:\/\/api.w.org\/{rel}","templated":true}]}}