{"id":8828,"date":"2023-11-03T09:35:03","date_gmt":"2023-11-03T09:35:03","guid":{"rendered":"https:\/\/valenciaswood.com\/?post_type=product&#038;p=8828"},"modified":"2024-09-27T18:24:15","modified_gmt":"2024-09-27T18:24:15","slug":"platano-no-13","status":"publish","type":"product","link":"https:\/\/valenciaswood.com\/index.php\/producto\/platano-no-13\/","title":{"rendered":"Pl\u00e1tano n\u00ba 13"},"content":{"rendered":"<p>Tabl\u00f3n n\u00ba 13 de madera de Pl\u00e1tano.<\/p>\n<p>La madera de Pl\u00e1tano es de color marr\u00f3n rojiza, su principal caracter\u00edstica son sus radios\u00a0 claramente visibles, la hacen as\u00ed una madera muy llamativa y decorativa.<\/p>\n<p>Medidas: 1700&#215;820\/800 mm, grueso: 75 mm.<\/p>\n<p>&nbsp;<\/p>\n<p>Si lo desea nos puede consultar precio para el acabado.<\/p>\n<p>Podemos cortar el largo de la tabla seg\u00fan sus necesidades, <a href=\"https:\/\/valenciaswood.com\/index.php\/contacto\/\">p\u00f3ngase en contacto con nosotros<\/a>.<\/p>\n","protected":false},"excerpt":{"rendered":"<p>Tabl\u00f3n n\u00ba 13 de madera de Pl\u00e1tano. La madera de Pl\u00e1tano es de color marr\u00f3n rojiza, su principal caracter\u00edstica son sus radios\u00a0 claramente visibles, la hacen as\u00ed una madera muy<span class=\"excerpt-hellip\"> [\u2026]<\/span><\/p>\n","protected":false},"featured_media":8829,"comment_status":"open","ping_status":"closed","template":"","meta":[],"product_brand":[],"product_cat":[47,19,21],"product_tag":[],"class_list":{"0":"post-8828","1":"product","2":"type-product","3":"status-publish","4":"has-post-thumbnail","6":"product_cat-platano","7":"product_cat-sin-categorizar","8":"product_cat-solo-tablon","10":"first","11":"outofstock","12":"taxable","13":"shipping-taxable","14":"purchasable","15":"product-type-simple"},"yoast_head":"<!-- This site is optimized with the Yoast SEO plugin v27.5 - https:\/\/yoast.com\/product\/yoast-seo-wordpress\/ -->\n<title>Pl\u00e1tano n\u00ba 13 - Valencia&#039;s Wood Luxury<\/title>\n<meta name=\"description\" content=\"Tablones de madera de Pl\u00e1tano para la fabricaci\u00f3n de mesas de madera con cantos naturales.\" \/>\n<meta name=\"robots\" content=\"index, follow, max-snippet:-1, max-image-preview:large, max-video-preview:-1\" \/>\n<link rel=\"canonical\" href=\"https:\/\/valenciaswood.com\/index.php\/producto\/platano-no-13\/\" \/>\n<meta property=\"og:locale\" content=\"es_ES\" \/>\n<meta property=\"og:type\" content=\"article\" \/>\n<meta property=\"og:title\" content=\"Pl\u00e1tano n\u00ba 13 - Valencia&#039;s Wood Luxury\" \/>\n<meta property=\"og:description\" content=\"Tablones de madera de Pl\u00e1tano para la fabricaci\u00f3n de mesas de madera con cantos naturales.\" \/>\n<meta property=\"og:url\" content=\"https:\/\/valenciaswood.com\/index.php\/producto\/platano-no-13\/\" \/>\n<meta property=\"og:site_name\" content=\"Valencia&#039;s Wood Luxury\" \/>\n<meta property=\"article:modified_time\" content=\"2024-09-27T18:24:15+00:00\" \/>\n<meta property=\"og:image\" content=\"https:\/\/valenciaswood.com\/wp-content\/uploads\/2023\/11\/PLATANO-13.jpg\" \/>\n\t<meta property=\"og:image:width\" content=\"1382\" \/>\n\t<meta property=\"og:image:height\" content=\"1460\" \/>\n\t<meta property=\"og:image:type\" content=\"image\/jpeg\" \/>\n<meta name=\"twitter:card\" content=\"summary_large_image\" \/>\n<script type=\"application\/ld+json\" class=\"yoast-schema-graph\">{\"@context\":\"https:\\\/\\\/schema.org\",\"@graph\":[{\"@type\":\"WebPage\",\"@id\":\"https:\\\/\\\/valenciaswood.com\\\/index.php\\\/producto\\\/platano-no-13\\\/\",\"url\":\"https:\\\/\\\/valenciaswood.com\\\/index.php\\\/producto\\\/platano-no-13\\\/\",\"name\":\"Pl\u00e1tano n\u00ba 13 - Valencia&#039;s Wood Luxury\",\"isPartOf\":{\"@id\":\"https:\\\/\\\/valenciaswood.com\\\/#website\"},\"primaryImageOfPage\":{\"@id\":\"https:\\\/\\\/valenciaswood.com\\\/index.php\\\/producto\\\/platano-no-13\\\/#primaryimage\"},\"image\":{\"@id\":\"https:\\\/\\\/valenciaswood.com\\\/index.php\\\/producto\\\/platano-no-13\\\/#primaryimage\"},\"thumbnailUrl\":\"https:\\\/\\\/i0.wp.com\\\/valenciaswood.com\\\/wp-content\\\/uploads\\\/2023\\\/11\\\/PLATANO-13.jpg?fit=1382%2C1460&ssl=1\",\"datePublished\":\"2023-11-03T09:35:03+00:00\",\"dateModified\":\"2024-09-27T18:24:15+00:00\",\"description\":\"Tablones de madera de Pl\u00e1tano para la fabricaci\u00f3n de mesas de madera con cantos naturales.\",\"breadcrumb\":{\"@id\":\"https:\\\/\\\/valenciaswood.com\\\/index.php\\\/producto\\\/platano-no-13\\\/#breadcrumb\"},\"inLanguage\":\"es\",\"potentialAction\":[{\"@type\":\"ReadAction\",\"target\":[\"https:\\\/\\\/valenciaswood.com\\\/index.php\\\/producto\\\/platano-no-13\\\/\"]}]},{\"@type\":\"ImageObject\",\"inLanguage\":\"es\",\"@id\":\"https:\\\/\\\/valenciaswood.com\\\/index.php\\\/producto\\\/platano-no-13\\\/#primaryimage\",\"url\":\"https:\\\/\\\/i0.wp.com\\\/valenciaswood.com\\\/wp-content\\\/uploads\\\/2023\\\/11\\\/PLATANO-13.jpg?fit=1382%2C1460&ssl=1\",\"contentUrl\":\"https:\\\/\\\/i0.wp.com\\\/valenciaswood.com\\\/wp-content\\\/uploads\\\/2023\\\/11\\\/PLATANO-13.jpg?fit=1382%2C1460&ssl=1\",\"width\":1382,\"height\":1460,\"caption\":\"PLATANO 13\"},{\"@type\":\"BreadcrumbList\",\"@id\":\"https:\\\/\\\/valenciaswood.com\\\/index.php\\\/producto\\\/platano-no-13\\\/#breadcrumb\",\"itemListElement\":[{\"@type\":\"ListItem\",\"position\":1,\"name\":\"Portada\",\"item\":\"https:\\\/\\\/valenciaswood.com\\\/\"},{\"@type\":\"ListItem\",\"position\":2,\"name\":\"Tienda\",\"item\":\"https:\\\/\\\/valenciaswood.com\\\/index.php\\\/tienda\\\/\"},{\"@type\":\"ListItem\",\"position\":3,\"name\":\"Pl\u00e1tano n\u00ba 13\"}]},{\"@type\":\"WebSite\",\"@id\":\"https:\\\/\\\/valenciaswood.com\\\/#website\",\"url\":\"https:\\\/\\\/valenciaswood.com\\\/\",\"name\":\"Valencia's Wood Luxury\",\"description\":\"\",\"publisher\":{\"@id\":\"https:\\\/\\\/valenciaswood.com\\\/#organization\"},\"potentialAction\":[{\"@type\":\"SearchAction\",\"target\":{\"@type\":\"EntryPoint\",\"urlTemplate\":\"https:\\\/\\\/valenciaswood.com\\\/?s={search_term_string}\"},\"query-input\":{\"@type\":\"PropertyValueSpecification\",\"valueRequired\":true,\"valueName\":\"search_term_string\"}}],\"inLanguage\":\"es\"},{\"@type\":\"Organization\",\"@id\":\"https:\\\/\\\/valenciaswood.com\\\/#organization\",\"name\":\"Valencia's Wood\",\"url\":\"https:\\\/\\\/valenciaswood.com\\\/\",\"logo\":{\"@type\":\"ImageObject\",\"inLanguage\":\"es\",\"@id\":\"https:\\\/\\\/valenciaswood.com\\\/#\\\/schema\\\/logo\\\/image\\\/\",\"url\":\"https:\\\/\\\/i0.wp.com\\\/valenciaswood.com\\\/wp-content\\\/uploads\\\/2020\\\/01\\\/logo.png?fit=200%2C75&ssl=1\",\"contentUrl\":\"https:\\\/\\\/i0.wp.com\\\/valenciaswood.com\\\/wp-content\\\/uploads\\\/2020\\\/01\\\/logo.png?fit=200%2C75&ssl=1\",\"width\":200,\"height\":75,\"caption\":\"Valencia's Wood\"},\"image\":{\"@id\":\"https:\\\/\\\/valenciaswood.com\\\/#\\\/schema\\\/logo\\\/image\\\/\"}}]}<\/script>\n<!-- \/ Yoast SEO plugin. -->","yoast_head_json":{"title":"Pl\u00e1tano n\u00ba 13 - Valencia&#039;s Wood Luxury","description":"Tablones de madera de Pl\u00e1tano para la fabricaci\u00f3n de mesas de madera con cantos naturales.","robots":{"index":"index","follow":"follow","max-snippet":"max-snippet:-1","max-image-preview":"max-image-preview:large","max-video-preview":"max-video-preview:-1"},"canonical":"https:\/\/valenciaswood.com\/index.php\/producto\/platano-no-13\/","og_locale":"es_ES","og_type":"article","og_title":"Pl\u00e1tano n\u00ba 13 - Valencia&#039;s Wood Luxury","og_description":"Tablones de madera de Pl\u00e1tano para la fabricaci\u00f3n de mesas de madera con cantos naturales.","og_url":"https:\/\/valenciaswood.com\/index.php\/producto\/platano-no-13\/","og_site_name":"Valencia&#039;s Wood Luxury","article_modified_time":"2024-09-27T18:24:15+00:00","og_image":[{"width":1382,"height":1460,"url":"https:\/\/valenciaswood.com\/wp-content\/uploads\/2023\/11\/PLATANO-13.jpg","type":"image\/jpeg"}],"twitter_card":"summary_large_image","schema":{"@context":"https:\/\/schema.org","@graph":[{"@type":"WebPage","@id":"https:\/\/valenciaswood.com\/index.php\/producto\/platano-no-13\/","url":"https:\/\/valenciaswood.com\/index.php\/producto\/platano-no-13\/","name":"Pl\u00e1tano n\u00ba 13 - Valencia&#039;s Wood Luxury","isPartOf":{"@id":"https:\/\/valenciaswood.com\/#website"},"primaryImageOfPage":{"@id":"https:\/\/valenciaswood.com\/index.php\/producto\/platano-no-13\/#primaryimage"},"image":{"@id":"https:\/\/valenciaswood.com\/index.php\/producto\/platano-no-13\/#primaryimage"},"thumbnailUrl":"https:\/\/i0.wp.com\/valenciaswood.com\/wp-content\/uploads\/2023\/11\/PLATANO-13.jpg?fit=1382%2C1460&ssl=1","datePublished":"2023-11-03T09:35:03+00:00","dateModified":"2024-09-27T18:24:15+00:00","description":"Tablones de madera de Pl\u00e1tano para la fabricaci\u00f3n de mesas de madera con cantos naturales.","breadcrumb":{"@id":"https:\/\/valenciaswood.com\/index.php\/producto\/platano-no-13\/#breadcrumb"},"inLanguage":"es","potentialAction":[{"@type":"ReadAction","target":["https:\/\/valenciaswood.com\/index.php\/producto\/platano-no-13\/"]}]},{"@type":"ImageObject","inLanguage":"es","@id":"https:\/\/valenciaswood.com\/index.php\/producto\/platano-no-13\/#primaryimage","url":"https:\/\/i0.wp.com\/valenciaswood.com\/wp-content\/uploads\/2023\/11\/PLATANO-13.jpg?fit=1382%2C1460&ssl=1","contentUrl":"https:\/\/i0.wp.com\/valenciaswood.com\/wp-content\/uploads\/2023\/11\/PLATANO-13.jpg?fit=1382%2C1460&ssl=1","width":1382,"height":1460,"caption":"PLATANO 13"},{"@type":"BreadcrumbList","@id":"https:\/\/valenciaswood.com\/index.php\/producto\/platano-no-13\/#breadcrumb","itemListElement":[{"@type":"ListItem","position":1,"name":"Portada","item":"https:\/\/valenciaswood.com\/"},{"@type":"ListItem","position":2,"name":"Tienda","item":"https:\/\/valenciaswood.com\/index.php\/tienda\/"},{"@type":"ListItem","position":3,"name":"Pl\u00e1tano n\u00ba 13"}]},{"@type":"WebSite","@id":"https:\/\/valenciaswood.com\/#website","url":"https:\/\/valenciaswood.com\/","name":"Valencia's Wood Luxury","description":"","publisher":{"@id":"https:\/\/valenciaswood.com\/#organization"},"potentialAction":[{"@type":"SearchAction","target":{"@type":"EntryPoint","urlTemplate":"https:\/\/valenciaswood.com\/?s={search_term_string}"},"query-input":{"@type":"PropertyValueSpecification","valueRequired":true,"valueName":"search_term_string"}}],"inLanguage":"es"},{"@type":"Organization","@id":"https:\/\/valenciaswood.com\/#organization","name":"Valencia's Wood","url":"https:\/\/valenciaswood.com\/","logo":{"@type":"ImageObject","inLanguage":"es","@id":"https:\/\/valenciaswood.com\/#\/schema\/logo\/image\/","url":"https:\/\/i0.wp.com\/valenciaswood.com\/wp-content\/uploads\/2020\/01\/logo.png?fit=200%2C75&ssl=1","contentUrl":"https:\/\/i0.wp.com\/valenciaswood.com\/wp-content\/uploads\/2020\/01\/logo.png?fit=200%2C75&ssl=1","width":200,"height":75,"caption":"Valencia's Wood"},"image":{"@id":"https:\/\/valenciaswood.com\/#\/schema\/logo\/image\/"}}]}},"jetpack_sharing_enabled":true,"_links":{"self":[{"href":"https:\/\/valenciaswood.com\/index.php\/wp-json\/wp\/v2\/product\/8828","targetHints":{"allow":["GET"]}}],"collection":[{"href":"https:\/\/valenciaswood.com\/index.php\/wp-json\/wp\/v2\/product"}],"about":[{"href":"https:\/\/valenciaswood.com\/index.php\/wp-json\/wp\/v2\/types\/product"}],"replies":[{"embeddable":true,"href":"https:\/\/valenciaswood.com\/index.php\/wp-json\/wp\/v2\/comments?post=8828"}],"wp:featuredmedia":[{"embeddable":true,"href":"https:\/\/valenciaswood.com\/index.php\/wp-json\/wp\/v2\/media\/8829"}],"wp:attachment":[{"href":"https:\/\/valenciaswood.com\/index.php\/wp-json\/wp\/v2\/media?parent=8828"}],"wp:term":[{"taxonomy":"product_brand","embeddable":true,"href":"https:\/\/valenciaswood.com\/index.php\/wp-json\/wp\/v2\/product_brand?post=8828"},{"taxonomy":"product_cat","embeddable":true,"href":"https:\/\/valenciaswood.com\/index.php\/wp-json\/wp\/v2\/product_cat?post=8828"},{"taxonomy":"product_tag","embeddable":true,"href":"https:\/\/valenciaswood.com\/index.php\/wp-json\/wp\/v2\/product_tag?post=8828"}],"curies":[{"name":"wp","href":"https:\/\/api.w.org\/{rel}","templated":true}]}}