{"id":6860,"date":"2022-07-14T06:38:06","date_gmt":"2022-07-14T06:38:06","guid":{"rendered":"https:\/\/valenciaswood.com\/?post_type=product&#038;p=6860"},"modified":"2023-01-11T14:16:42","modified_gmt":"2023-01-11T14:16:42","slug":"mesa-beli-no-04","status":"publish","type":"product","link":"https:\/\/valenciaswood.com\/index.php\/producto\/mesa-beli-no-04\/","title":{"rendered":"Beli, mesa n\u00ba 04"},"content":{"rendered":"<p>Mesa maciza en madera de Beli con cantos naturales, acabado mate, grietas en epoxi negro.<\/p>\n<p>Patas de acero negro en forma de ara\u00f1a.<\/p>\n<p>Medidas 150&#215;120\/115 cm, altura 77 cm.<\/p>\n<div class=\"column one\"><div class=\"mcb-column-inner\">Si te gusta esta mesa pero la prefieres con otras medidas o acabado, <a href=\"https:\/\/valenciaswood.com\/index.php\/categoria-producto\/solo-tablon\/cedro-del-libano\/\">elije entre nuestros tablones<\/a> y te realizamos <strong>tu mesa a medida<\/strong>. Cada uno de nuestros tableros es \u00fanico en forma y tama\u00f1o. Si lo necesitas, te los podemos cortar seg\u00fan tus preferencias de medidas.<\/p>\n<p>Para cualquier cuesti\u00f3n, no dudes en ponerte en contacto con nosotros llam\u00e1ndonos al n\u00famero de tel\u00e9fono 963975629. <\/div><\/div>\n\n","protected":false},"excerpt":{"rendered":"<p>Mesa maciza en madera de Beli con cantos naturales, acabado mate, grietas en epoxi negro. Patas de acero negro en forma de ara\u00f1a. Medidas 150&#215;120\/115 cm, altura 77 cm.<\/p>\n","protected":false},"featured_media":6863,"comment_status":"open","ping_status":"closed","template":"","meta":[],"product_brand":[],"product_cat":[55,23],"product_tag":[],"class_list":{"0":"post-6860","1":"product","2":"type-product","3":"status-publish","4":"has-post-thumbnail","6":"product_cat-beli","7":"product_cat-mesas-de-madera-maciza-acabadas","9":"first","10":"instock","11":"taxable","12":"shipping-taxable","13":"purchasable","14":"product-type-simple"},"yoast_head":"<!-- This site is optimized with the Yoast SEO plugin v27.5 - https:\/\/yoast.com\/product\/yoast-seo-wordpress\/ -->\n<title>Beli, mesa n\u00ba 04<\/title>\n<meta name=\"description\" content=\"Mesas exclusivas, en madera maciza, con cantos naturales, con el acabado y especie que tu elijas, no hay dos iguales, inf\u00f3rmate.\" \/>\n<meta name=\"robots\" content=\"index, follow, max-snippet:-1, max-image-preview:large, max-video-preview:-1\" \/>\n<link rel=\"canonical\" href=\"https:\/\/valenciaswood.com\/index.php\/producto\/mesa-beli-no-04\/\" \/>\n<meta property=\"og:locale\" content=\"es_ES\" \/>\n<meta property=\"og:type\" content=\"article\" \/>\n<meta property=\"og:title\" content=\"Beli, mesa n\u00ba 04\" \/>\n<meta property=\"og:description\" content=\"Mesas exclusivas, en madera maciza, con cantos naturales, con el acabado y especie que tu elijas, no hay dos iguales, inf\u00f3rmate.\" \/>\n<meta property=\"og:url\" content=\"https:\/\/valenciaswood.com\/index.php\/producto\/mesa-beli-no-04\/\" \/>\n<meta property=\"og:site_name\" content=\"Valencia&#039;s Wood Luxury\" \/>\n<meta property=\"article:modified_time\" content=\"2023-01-11T14:16:42+00:00\" \/>\n<meta property=\"og:image\" content=\"https:\/\/valenciaswood.com\/wp-content\/uploads\/2022\/07\/IMG_2392.jpg\" \/>\n\t<meta property=\"og:image:width\" content=\"640\" \/>\n\t<meta property=\"og:image:height\" content=\"451\" \/>\n\t<meta property=\"og:image:type\" content=\"image\/jpeg\" \/>\n<meta name=\"twitter:card\" content=\"summary_large_image\" \/>\n<script type=\"application\/ld+json\" class=\"yoast-schema-graph\">{\"@context\":\"https:\\\/\\\/schema.org\",\"@graph\":[{\"@type\":\"WebPage\",\"@id\":\"https:\\\/\\\/valenciaswood.com\\\/index.php\\\/producto\\\/mesa-beli-no-04\\\/\",\"url\":\"https:\\\/\\\/valenciaswood.com\\\/index.php\\\/producto\\\/mesa-beli-no-04\\\/\",\"name\":\"Beli, mesa n\u00ba 04\",\"isPartOf\":{\"@id\":\"https:\\\/\\\/valenciaswood.com\\\/#website\"},\"primaryImageOfPage\":{\"@id\":\"https:\\\/\\\/valenciaswood.com\\\/index.php\\\/producto\\\/mesa-beli-no-04\\\/#primaryimage\"},\"image\":{\"@id\":\"https:\\\/\\\/valenciaswood.com\\\/index.php\\\/producto\\\/mesa-beli-no-04\\\/#primaryimage\"},\"thumbnailUrl\":\"https:\\\/\\\/i0.wp.com\\\/valenciaswood.com\\\/wp-content\\\/uploads\\\/2022\\\/07\\\/IMG_2392.jpg?fit=640%2C451&ssl=1\",\"datePublished\":\"2022-07-14T06:38:06+00:00\",\"dateModified\":\"2023-01-11T14:16:42+00:00\",\"description\":\"Mesas exclusivas, en madera maciza, con cantos naturales, con el acabado y especie que tu elijas, no hay dos iguales, inf\u00f3rmate.\",\"breadcrumb\":{\"@id\":\"https:\\\/\\\/valenciaswood.com\\\/index.php\\\/producto\\\/mesa-beli-no-04\\\/#breadcrumb\"},\"inLanguage\":\"es\",\"potentialAction\":[{\"@type\":\"ReadAction\",\"target\":[\"https:\\\/\\\/valenciaswood.com\\\/index.php\\\/producto\\\/mesa-beli-no-04\\\/\"]}]},{\"@type\":\"ImageObject\",\"inLanguage\":\"es\",\"@id\":\"https:\\\/\\\/valenciaswood.com\\\/index.php\\\/producto\\\/mesa-beli-no-04\\\/#primaryimage\",\"url\":\"https:\\\/\\\/i0.wp.com\\\/valenciaswood.com\\\/wp-content\\\/uploads\\\/2022\\\/07\\\/IMG_2392.jpg?fit=640%2C451&ssl=1\",\"contentUrl\":\"https:\\\/\\\/i0.wp.com\\\/valenciaswood.com\\\/wp-content\\\/uploads\\\/2022\\\/07\\\/IMG_2392.jpg?fit=640%2C451&ssl=1\",\"width\":640,\"height\":451},{\"@type\":\"BreadcrumbList\",\"@id\":\"https:\\\/\\\/valenciaswood.com\\\/index.php\\\/producto\\\/mesa-beli-no-04\\\/#breadcrumb\",\"itemListElement\":[{\"@type\":\"ListItem\",\"position\":1,\"name\":\"Portada\",\"item\":\"https:\\\/\\\/valenciaswood.com\\\/\"},{\"@type\":\"ListItem\",\"position\":2,\"name\":\"Tienda\",\"item\":\"https:\\\/\\\/valenciaswood.com\\\/index.php\\\/tienda\\\/\"},{\"@type\":\"ListItem\",\"position\":3,\"name\":\"Beli, mesa n\u00ba 04\"}]},{\"@type\":\"WebSite\",\"@id\":\"https:\\\/\\\/valenciaswood.com\\\/#website\",\"url\":\"https:\\\/\\\/valenciaswood.com\\\/\",\"name\":\"Valencia's Wood Luxury\",\"description\":\"\",\"publisher\":{\"@id\":\"https:\\\/\\\/valenciaswood.com\\\/#organization\"},\"potentialAction\":[{\"@type\":\"SearchAction\",\"target\":{\"@type\":\"EntryPoint\",\"urlTemplate\":\"https:\\\/\\\/valenciaswood.com\\\/?s={search_term_string}\"},\"query-input\":{\"@type\":\"PropertyValueSpecification\",\"valueRequired\":true,\"valueName\":\"search_term_string\"}}],\"inLanguage\":\"es\"},{\"@type\":\"Organization\",\"@id\":\"https:\\\/\\\/valenciaswood.com\\\/#organization\",\"name\":\"Valencia's Wood\",\"url\":\"https:\\\/\\\/valenciaswood.com\\\/\",\"logo\":{\"@type\":\"ImageObject\",\"inLanguage\":\"es\",\"@id\":\"https:\\\/\\\/valenciaswood.com\\\/#\\\/schema\\\/logo\\\/image\\\/\",\"url\":\"https:\\\/\\\/i0.wp.com\\\/valenciaswood.com\\\/wp-content\\\/uploads\\\/2020\\\/01\\\/logo.png?fit=200%2C75&ssl=1\",\"contentUrl\":\"https:\\\/\\\/i0.wp.com\\\/valenciaswood.com\\\/wp-content\\\/uploads\\\/2020\\\/01\\\/logo.png?fit=200%2C75&ssl=1\",\"width\":200,\"height\":75,\"caption\":\"Valencia's Wood\"},\"image\":{\"@id\":\"https:\\\/\\\/valenciaswood.com\\\/#\\\/schema\\\/logo\\\/image\\\/\"}}]}<\/script>\n<!-- \/ Yoast SEO plugin. -->","yoast_head_json":{"title":"Beli, mesa n\u00ba 04","description":"Mesas exclusivas, en madera maciza, con cantos naturales, con el acabado y especie que tu elijas, no hay dos iguales, inf\u00f3rmate.","robots":{"index":"index","follow":"follow","max-snippet":"max-snippet:-1","max-image-preview":"max-image-preview:large","max-video-preview":"max-video-preview:-1"},"canonical":"https:\/\/valenciaswood.com\/index.php\/producto\/mesa-beli-no-04\/","og_locale":"es_ES","og_type":"article","og_title":"Beli, mesa n\u00ba 04","og_description":"Mesas exclusivas, en madera maciza, con cantos naturales, con el acabado y especie que tu elijas, no hay dos iguales, inf\u00f3rmate.","og_url":"https:\/\/valenciaswood.com\/index.php\/producto\/mesa-beli-no-04\/","og_site_name":"Valencia&#039;s Wood Luxury","article_modified_time":"2023-01-11T14:16:42+00:00","og_image":[{"width":640,"height":451,"url":"https:\/\/valenciaswood.com\/wp-content\/uploads\/2022\/07\/IMG_2392.jpg","type":"image\/jpeg"}],"twitter_card":"summary_large_image","schema":{"@context":"https:\/\/schema.org","@graph":[{"@type":"WebPage","@id":"https:\/\/valenciaswood.com\/index.php\/producto\/mesa-beli-no-04\/","url":"https:\/\/valenciaswood.com\/index.php\/producto\/mesa-beli-no-04\/","name":"Beli, mesa n\u00ba 04","isPartOf":{"@id":"https:\/\/valenciaswood.com\/#website"},"primaryImageOfPage":{"@id":"https:\/\/valenciaswood.com\/index.php\/producto\/mesa-beli-no-04\/#primaryimage"},"image":{"@id":"https:\/\/valenciaswood.com\/index.php\/producto\/mesa-beli-no-04\/#primaryimage"},"thumbnailUrl":"https:\/\/i0.wp.com\/valenciaswood.com\/wp-content\/uploads\/2022\/07\/IMG_2392.jpg?fit=640%2C451&ssl=1","datePublished":"2022-07-14T06:38:06+00:00","dateModified":"2023-01-11T14:16:42+00:00","description":"Mesas exclusivas, en madera maciza, con cantos naturales, con el acabado y especie que tu elijas, no hay dos iguales, inf\u00f3rmate.","breadcrumb":{"@id":"https:\/\/valenciaswood.com\/index.php\/producto\/mesa-beli-no-04\/#breadcrumb"},"inLanguage":"es","potentialAction":[{"@type":"ReadAction","target":["https:\/\/valenciaswood.com\/index.php\/producto\/mesa-beli-no-04\/"]}]},{"@type":"ImageObject","inLanguage":"es","@id":"https:\/\/valenciaswood.com\/index.php\/producto\/mesa-beli-no-04\/#primaryimage","url":"https:\/\/i0.wp.com\/valenciaswood.com\/wp-content\/uploads\/2022\/07\/IMG_2392.jpg?fit=640%2C451&ssl=1","contentUrl":"https:\/\/i0.wp.com\/valenciaswood.com\/wp-content\/uploads\/2022\/07\/IMG_2392.jpg?fit=640%2C451&ssl=1","width":640,"height":451},{"@type":"BreadcrumbList","@id":"https:\/\/valenciaswood.com\/index.php\/producto\/mesa-beli-no-04\/#breadcrumb","itemListElement":[{"@type":"ListItem","position":1,"name":"Portada","item":"https:\/\/valenciaswood.com\/"},{"@type":"ListItem","position":2,"name":"Tienda","item":"https:\/\/valenciaswood.com\/index.php\/tienda\/"},{"@type":"ListItem","position":3,"name":"Beli, mesa n\u00ba 04"}]},{"@type":"WebSite","@id":"https:\/\/valenciaswood.com\/#website","url":"https:\/\/valenciaswood.com\/","name":"Valencia's Wood Luxury","description":"","publisher":{"@id":"https:\/\/valenciaswood.com\/#organization"},"potentialAction":[{"@type":"SearchAction","target":{"@type":"EntryPoint","urlTemplate":"https:\/\/valenciaswood.com\/?s={search_term_string}"},"query-input":{"@type":"PropertyValueSpecification","valueRequired":true,"valueName":"search_term_string"}}],"inLanguage":"es"},{"@type":"Organization","@id":"https:\/\/valenciaswood.com\/#organization","name":"Valencia's Wood","url":"https:\/\/valenciaswood.com\/","logo":{"@type":"ImageObject","inLanguage":"es","@id":"https:\/\/valenciaswood.com\/#\/schema\/logo\/image\/","url":"https:\/\/i0.wp.com\/valenciaswood.com\/wp-content\/uploads\/2020\/01\/logo.png?fit=200%2C75&ssl=1","contentUrl":"https:\/\/i0.wp.com\/valenciaswood.com\/wp-content\/uploads\/2020\/01\/logo.png?fit=200%2C75&ssl=1","width":200,"height":75,"caption":"Valencia's Wood"},"image":{"@id":"https:\/\/valenciaswood.com\/#\/schema\/logo\/image\/"}}]}},"jetpack_sharing_enabled":true,"_links":{"self":[{"href":"https:\/\/valenciaswood.com\/index.php\/wp-json\/wp\/v2\/product\/6860","targetHints":{"allow":["GET"]}}],"collection":[{"href":"https:\/\/valenciaswood.com\/index.php\/wp-json\/wp\/v2\/product"}],"about":[{"href":"https:\/\/valenciaswood.com\/index.php\/wp-json\/wp\/v2\/types\/product"}],"replies":[{"embeddable":true,"href":"https:\/\/valenciaswood.com\/index.php\/wp-json\/wp\/v2\/comments?post=6860"}],"wp:featuredmedia":[{"embeddable":true,"href":"https:\/\/valenciaswood.com\/index.php\/wp-json\/wp\/v2\/media\/6863"}],"wp:attachment":[{"href":"https:\/\/valenciaswood.com\/index.php\/wp-json\/wp\/v2\/media?parent=6860"}],"wp:term":[{"taxonomy":"product_brand","embeddable":true,"href":"https:\/\/valenciaswood.com\/index.php\/wp-json\/wp\/v2\/product_brand?post=6860"},{"taxonomy":"product_cat","embeddable":true,"href":"https:\/\/valenciaswood.com\/index.php\/wp-json\/wp\/v2\/product_cat?post=6860"},{"taxonomy":"product_tag","embeddable":true,"href":"https:\/\/valenciaswood.com\/index.php\/wp-json\/wp\/v2\/product_tag?post=6860"}],"curies":[{"name":"wp","href":"https:\/\/api.w.org\/{rel}","templated":true}]}}