{"id":6735,"date":"2022-04-06T07:14:08","date_gmt":"2022-04-06T07:14:08","guid":{"rendered":"https:\/\/valenciaswood.com\/?post_type=product&#038;p=6735"},"modified":"2025-12-02T08:53:16","modified_gmt":"2025-12-02T07:53:16","slug":"mesa-redonda-cedro-del-libano","status":"publish","type":"product","link":"https:\/\/valenciaswood.com\/index.php\/producto\/mesa-redonda-cedro-del-libano\/","title":{"rendered":"Cedro del L\u00edbano, mesa redonda centro."},"content":{"rendered":"<p>Mesa de madera maciza de Cedro del L\u00edbano encapsulada en resina azul.<\/p>\n<p>Patas en color oxido.<\/p>\n<p>Medidas 95&#215;95 cm, grosor de la tabla 4 cm, altura de la mesa 48 cm.<\/p>\n<p>&nbsp;<\/p>\n<hr \/>\n<div class=\"column one\"><div class=\"mcb-column-inner\">Si te gusta esta mesa pero la prefieres con otras medidas o acabado, <a href=\"https:\/\/valenciaswood.com\/index.php\/categoria-producto\/solo-tablon\/cedro-del-libano\/\">elije entre nuestros tablones<\/a> y te realizamos <strong>tu mesa a medida<\/strong>. Cada uno de nuestros tableros es \u00fanico en forma y tama\u00f1o. Si lo necesitas, te los podemos cortar seg\u00fan tus preferencias de medidas.<\/p>\n<p>Para cualquier cuesti\u00f3n, no dudes en ponerte en contacto con nosotros llam\u00e1ndonos al n\u00famero de tel\u00e9fono 963975629. <\/div><\/div>\n\n","protected":false},"excerpt":{"rendered":"<p>Mesa de centro redonda en madera de Cedro del L\u00edbano, encapsulada en resina azul.<\/p>\n","protected":false},"featured_media":6741,"comment_status":"open","ping_status":"closed","template":"","meta":[],"product_brand":[],"product_cat":[27,23],"product_tag":[],"class_list":{"0":"post-6735","1":"product","2":"type-product","3":"status-publish","4":"has-post-thumbnail","6":"product_cat-cedro-del-libano","7":"product_cat-mesas-de-madera-maciza-acabadas","9":"first","10":"instock","11":"taxable","12":"shipping-taxable","13":"purchasable","14":"product-type-simple"},"yoast_head":"<!-- This site is optimized with the Yoast SEO plugin v27.4 - https:\/\/yoast.com\/product\/yoast-seo-wordpress\/ -->\n<title>Cedro del L\u00edbano, mesa redonda centro. - Valencia&#039;s Wood Luxury<\/title>\n<meta name=\"description\" content=\"Mesa de madera maciza de Cedro del L\u00edbano, encapsulada en resina azul. Mesa de centro. Valencia\u00b4Wood. Paiporta (Valencia).\" \/>\n<meta name=\"robots\" content=\"index, follow, max-snippet:-1, max-image-preview:large, max-video-preview:-1\" \/>\n<link rel=\"canonical\" href=\"https:\/\/valenciaswood.com\/index.php\/producto\/mesa-redonda-cedro-del-libano\/\" \/>\n<meta property=\"og:locale\" content=\"es_ES\" \/>\n<meta property=\"og:type\" content=\"article\" \/>\n<meta property=\"og:title\" content=\"Cedro del L\u00edbano, mesa redonda centro. - Valencia&#039;s Wood Luxury\" \/>\n<meta property=\"og:description\" content=\"Mesa de madera maciza de Cedro del L\u00edbano, encapsulada en resina azul. Mesa de centro. Valencia\u00b4Wood. Paiporta (Valencia).\" \/>\n<meta property=\"og:url\" content=\"https:\/\/valenciaswood.com\/index.php\/producto\/mesa-redonda-cedro-del-libano\/\" \/>\n<meta property=\"og:site_name\" content=\"Valencia&#039;s Wood Luxury\" \/>\n<meta property=\"article:modified_time\" content=\"2025-12-02T07:53:16+00:00\" \/>\n<meta property=\"og:image\" content=\"https:\/\/valenciaswood.com\/wp-content\/uploads\/2022\/04\/IMG_1064.jpg\" \/>\n\t<meta property=\"og:image:width\" content=\"1418\" \/>\n\t<meta property=\"og:image:height\" content=\"1181\" \/>\n\t<meta property=\"og:image:type\" content=\"image\/jpeg\" \/>\n<meta name=\"twitter:card\" content=\"summary_large_image\" \/>\n<script type=\"application\/ld+json\" class=\"yoast-schema-graph\">{\"@context\":\"https:\\\/\\\/schema.org\",\"@graph\":[{\"@type\":\"WebPage\",\"@id\":\"https:\\\/\\\/valenciaswood.com\\\/index.php\\\/producto\\\/mesa-redonda-cedro-del-libano\\\/\",\"url\":\"https:\\\/\\\/valenciaswood.com\\\/index.php\\\/producto\\\/mesa-redonda-cedro-del-libano\\\/\",\"name\":\"Cedro del L\u00edbano, mesa redonda centro. - Valencia&#039;s Wood Luxury\",\"isPartOf\":{\"@id\":\"https:\\\/\\\/valenciaswood.com\\\/#website\"},\"primaryImageOfPage\":{\"@id\":\"https:\\\/\\\/valenciaswood.com\\\/index.php\\\/producto\\\/mesa-redonda-cedro-del-libano\\\/#primaryimage\"},\"image\":{\"@id\":\"https:\\\/\\\/valenciaswood.com\\\/index.php\\\/producto\\\/mesa-redonda-cedro-del-libano\\\/#primaryimage\"},\"thumbnailUrl\":\"https:\\\/\\\/i0.wp.com\\\/valenciaswood.com\\\/wp-content\\\/uploads\\\/2022\\\/04\\\/IMG_1064.jpg?fit=1418%2C1181&ssl=1\",\"datePublished\":\"2022-04-06T07:14:08+00:00\",\"dateModified\":\"2025-12-02T07:53:16+00:00\",\"description\":\"Mesa de madera maciza de Cedro del L\u00edbano, encapsulada en resina azul. Mesa de centro. Valencia\u00b4Wood. Paiporta (Valencia).\",\"breadcrumb\":{\"@id\":\"https:\\\/\\\/valenciaswood.com\\\/index.php\\\/producto\\\/mesa-redonda-cedro-del-libano\\\/#breadcrumb\"},\"inLanguage\":\"es\",\"potentialAction\":[{\"@type\":\"ReadAction\",\"target\":[\"https:\\\/\\\/valenciaswood.com\\\/index.php\\\/producto\\\/mesa-redonda-cedro-del-libano\\\/\"]}]},{\"@type\":\"ImageObject\",\"inLanguage\":\"es\",\"@id\":\"https:\\\/\\\/valenciaswood.com\\\/index.php\\\/producto\\\/mesa-redonda-cedro-del-libano\\\/#primaryimage\",\"url\":\"https:\\\/\\\/i0.wp.com\\\/valenciaswood.com\\\/wp-content\\\/uploads\\\/2022\\\/04\\\/IMG_1064.jpg?fit=1418%2C1181&ssl=1\",\"contentUrl\":\"https:\\\/\\\/i0.wp.com\\\/valenciaswood.com\\\/wp-content\\\/uploads\\\/2022\\\/04\\\/IMG_1064.jpg?fit=1418%2C1181&ssl=1\",\"width\":1418,\"height\":1181},{\"@type\":\"BreadcrumbList\",\"@id\":\"https:\\\/\\\/valenciaswood.com\\\/index.php\\\/producto\\\/mesa-redonda-cedro-del-libano\\\/#breadcrumb\",\"itemListElement\":[{\"@type\":\"ListItem\",\"position\":1,\"name\":\"Portada\",\"item\":\"https:\\\/\\\/valenciaswood.com\\\/\"},{\"@type\":\"ListItem\",\"position\":2,\"name\":\"Tienda\",\"item\":\"https:\\\/\\\/valenciaswood.com\\\/index.php\\\/tienda\\\/\"},{\"@type\":\"ListItem\",\"position\":3,\"name\":\"Cedro del L\u00edbano, mesa redonda centro.\"}]},{\"@type\":\"WebSite\",\"@id\":\"https:\\\/\\\/valenciaswood.com\\\/#website\",\"url\":\"https:\\\/\\\/valenciaswood.com\\\/\",\"name\":\"Valencia's Wood Luxury\",\"description\":\"\",\"publisher\":{\"@id\":\"https:\\\/\\\/valenciaswood.com\\\/#organization\"},\"potentialAction\":[{\"@type\":\"SearchAction\",\"target\":{\"@type\":\"EntryPoint\",\"urlTemplate\":\"https:\\\/\\\/valenciaswood.com\\\/?s={search_term_string}\"},\"query-input\":{\"@type\":\"PropertyValueSpecification\",\"valueRequired\":true,\"valueName\":\"search_term_string\"}}],\"inLanguage\":\"es\"},{\"@type\":\"Organization\",\"@id\":\"https:\\\/\\\/valenciaswood.com\\\/#organization\",\"name\":\"Valencia's Wood\",\"url\":\"https:\\\/\\\/valenciaswood.com\\\/\",\"logo\":{\"@type\":\"ImageObject\",\"inLanguage\":\"es\",\"@id\":\"https:\\\/\\\/valenciaswood.com\\\/#\\\/schema\\\/logo\\\/image\\\/\",\"url\":\"https:\\\/\\\/i0.wp.com\\\/valenciaswood.com\\\/wp-content\\\/uploads\\\/2020\\\/01\\\/logo.png?fit=200%2C75&ssl=1\",\"contentUrl\":\"https:\\\/\\\/i0.wp.com\\\/valenciaswood.com\\\/wp-content\\\/uploads\\\/2020\\\/01\\\/logo.png?fit=200%2C75&ssl=1\",\"width\":200,\"height\":75,\"caption\":\"Valencia's Wood\"},\"image\":{\"@id\":\"https:\\\/\\\/valenciaswood.com\\\/#\\\/schema\\\/logo\\\/image\\\/\"}}]}<\/script>\n<!-- \/ Yoast SEO plugin. -->","yoast_head_json":{"title":"Cedro del L\u00edbano, mesa redonda centro. - Valencia&#039;s Wood Luxury","description":"Mesa de madera maciza de Cedro del L\u00edbano, encapsulada en resina azul. Mesa de centro. Valencia\u00b4Wood. Paiporta (Valencia).","robots":{"index":"index","follow":"follow","max-snippet":"max-snippet:-1","max-image-preview":"max-image-preview:large","max-video-preview":"max-video-preview:-1"},"canonical":"https:\/\/valenciaswood.com\/index.php\/producto\/mesa-redonda-cedro-del-libano\/","og_locale":"es_ES","og_type":"article","og_title":"Cedro del L\u00edbano, mesa redonda centro. - Valencia&#039;s Wood Luxury","og_description":"Mesa de madera maciza de Cedro del L\u00edbano, encapsulada en resina azul. Mesa de centro. Valencia\u00b4Wood. Paiporta (Valencia).","og_url":"https:\/\/valenciaswood.com\/index.php\/producto\/mesa-redonda-cedro-del-libano\/","og_site_name":"Valencia&#039;s Wood Luxury","article_modified_time":"2025-12-02T07:53:16+00:00","og_image":[{"width":1418,"height":1181,"url":"https:\/\/valenciaswood.com\/wp-content\/uploads\/2022\/04\/IMG_1064.jpg","type":"image\/jpeg"}],"twitter_card":"summary_large_image","schema":{"@context":"https:\/\/schema.org","@graph":[{"@type":"WebPage","@id":"https:\/\/valenciaswood.com\/index.php\/producto\/mesa-redonda-cedro-del-libano\/","url":"https:\/\/valenciaswood.com\/index.php\/producto\/mesa-redonda-cedro-del-libano\/","name":"Cedro del L\u00edbano, mesa redonda centro. - Valencia&#039;s Wood Luxury","isPartOf":{"@id":"https:\/\/valenciaswood.com\/#website"},"primaryImageOfPage":{"@id":"https:\/\/valenciaswood.com\/index.php\/producto\/mesa-redonda-cedro-del-libano\/#primaryimage"},"image":{"@id":"https:\/\/valenciaswood.com\/index.php\/producto\/mesa-redonda-cedro-del-libano\/#primaryimage"},"thumbnailUrl":"https:\/\/i0.wp.com\/valenciaswood.com\/wp-content\/uploads\/2022\/04\/IMG_1064.jpg?fit=1418%2C1181&ssl=1","datePublished":"2022-04-06T07:14:08+00:00","dateModified":"2025-12-02T07:53:16+00:00","description":"Mesa de madera maciza de Cedro del L\u00edbano, encapsulada en resina azul. Mesa de centro. Valencia\u00b4Wood. Paiporta (Valencia).","breadcrumb":{"@id":"https:\/\/valenciaswood.com\/index.php\/producto\/mesa-redonda-cedro-del-libano\/#breadcrumb"},"inLanguage":"es","potentialAction":[{"@type":"ReadAction","target":["https:\/\/valenciaswood.com\/index.php\/producto\/mesa-redonda-cedro-del-libano\/"]}]},{"@type":"ImageObject","inLanguage":"es","@id":"https:\/\/valenciaswood.com\/index.php\/producto\/mesa-redonda-cedro-del-libano\/#primaryimage","url":"https:\/\/i0.wp.com\/valenciaswood.com\/wp-content\/uploads\/2022\/04\/IMG_1064.jpg?fit=1418%2C1181&ssl=1","contentUrl":"https:\/\/i0.wp.com\/valenciaswood.com\/wp-content\/uploads\/2022\/04\/IMG_1064.jpg?fit=1418%2C1181&ssl=1","width":1418,"height":1181},{"@type":"BreadcrumbList","@id":"https:\/\/valenciaswood.com\/index.php\/producto\/mesa-redonda-cedro-del-libano\/#breadcrumb","itemListElement":[{"@type":"ListItem","position":1,"name":"Portada","item":"https:\/\/valenciaswood.com\/"},{"@type":"ListItem","position":2,"name":"Tienda","item":"https:\/\/valenciaswood.com\/index.php\/tienda\/"},{"@type":"ListItem","position":3,"name":"Cedro del L\u00edbano, mesa redonda centro."}]},{"@type":"WebSite","@id":"https:\/\/valenciaswood.com\/#website","url":"https:\/\/valenciaswood.com\/","name":"Valencia's Wood Luxury","description":"","publisher":{"@id":"https:\/\/valenciaswood.com\/#organization"},"potentialAction":[{"@type":"SearchAction","target":{"@type":"EntryPoint","urlTemplate":"https:\/\/valenciaswood.com\/?s={search_term_string}"},"query-input":{"@type":"PropertyValueSpecification","valueRequired":true,"valueName":"search_term_string"}}],"inLanguage":"es"},{"@type":"Organization","@id":"https:\/\/valenciaswood.com\/#organization","name":"Valencia's Wood","url":"https:\/\/valenciaswood.com\/","logo":{"@type":"ImageObject","inLanguage":"es","@id":"https:\/\/valenciaswood.com\/#\/schema\/logo\/image\/","url":"https:\/\/i0.wp.com\/valenciaswood.com\/wp-content\/uploads\/2020\/01\/logo.png?fit=200%2C75&ssl=1","contentUrl":"https:\/\/i0.wp.com\/valenciaswood.com\/wp-content\/uploads\/2020\/01\/logo.png?fit=200%2C75&ssl=1","width":200,"height":75,"caption":"Valencia's Wood"},"image":{"@id":"https:\/\/valenciaswood.com\/#\/schema\/logo\/image\/"}}]}},"jetpack_sharing_enabled":true,"_links":{"self":[{"href":"https:\/\/valenciaswood.com\/index.php\/wp-json\/wp\/v2\/product\/6735","targetHints":{"allow":["GET"]}}],"collection":[{"href":"https:\/\/valenciaswood.com\/index.php\/wp-json\/wp\/v2\/product"}],"about":[{"href":"https:\/\/valenciaswood.com\/index.php\/wp-json\/wp\/v2\/types\/product"}],"replies":[{"embeddable":true,"href":"https:\/\/valenciaswood.com\/index.php\/wp-json\/wp\/v2\/comments?post=6735"}],"wp:featuredmedia":[{"embeddable":true,"href":"https:\/\/valenciaswood.com\/index.php\/wp-json\/wp\/v2\/media\/6741"}],"wp:attachment":[{"href":"https:\/\/valenciaswood.com\/index.php\/wp-json\/wp\/v2\/media?parent=6735"}],"wp:term":[{"taxonomy":"product_brand","embeddable":true,"href":"https:\/\/valenciaswood.com\/index.php\/wp-json\/wp\/v2\/product_brand?post=6735"},{"taxonomy":"product_cat","embeddable":true,"href":"https:\/\/valenciaswood.com\/index.php\/wp-json\/wp\/v2\/product_cat?post=6735"},{"taxonomy":"product_tag","embeddable":true,"href":"https:\/\/valenciaswood.com\/index.php\/wp-json\/wp\/v2\/product_tag?post=6735"}],"curies":[{"name":"wp","href":"https:\/\/api.w.org\/{rel}","templated":true}]}}