{"id":6160,"date":"2021-01-13T09:16:35","date_gmt":"2021-01-13T09:16:35","guid":{"rendered":"https:\/\/valenciaswood.com\/?post_type=product&#038;p=6160"},"modified":"2025-12-02T08:53:39","modified_gmt":"2025-12-02T07:53:39","slug":"beli-mesa-no-2","status":"publish","type":"product","link":"https:\/\/valenciaswood.com\/index.php\/producto\/beli-mesa-no-2\/","title":{"rendered":"Beli, mesa n\u00ba 02"},"content":{"rendered":"<p>Mesa redonda de madera maciza de Beli, acabado semi brillo.<br \/>\n4 patas negras en forma de horquilla.<br \/>\nMedidas 100\/110 cm de di\u00e1metro, grosor del tablero 5 cm.<\/p>\n<p>&nbsp;<\/p>\n<hr \/>\n<div class=\"column one\"><div class=\"mcb-column-inner\">Si te gusta esta mesa pero la prefieres con otras medidas o acabado, <a href=\"https:\/\/valenciaswood.com\/index.php\/categoria-producto\/solo-tablon\/rodajas-de-madera-maciza\/\">elije entre nuestros tablones<\/a> y te realizamos <strong>tu mesa a medida<\/strong>. Cada uno de nuestros tableros es \u00fanico en forma y tama\u00f1o. Si lo necesitas, te los podemos cortar seg\u00fan tus preferencias de medidas.<\/p>\n<p>Para cualquier cuesti\u00f3n, no dudes en ponerte en contacto con nosotros llam\u00e1ndonos al n\u00famero de tel\u00e9fono 963975629. <\/div><\/div>\n\n","protected":false},"excerpt":{"rendered":"<p>Mesa redonda de madera maciza de Beli, acabado semi brillo. 4 patas negras en forma de horquilla. Medidas 100\/110 cm de di\u00e1metro, grosor del tablero 5 cm. &nbsp;<\/p>\n","protected":false},"featured_media":6161,"comment_status":"open","ping_status":"closed","template":"","meta":[],"product_brand":[],"product_cat":[55,23],"product_tag":[],"class_list":{"0":"post-6160","1":"product","2":"type-product","3":"status-publish","4":"has-post-thumbnail","6":"product_cat-beli","7":"product_cat-mesas-de-madera-maciza-acabadas","9":"first","10":"instock","11":"taxable","12":"shipping-taxable","13":"purchasable","14":"product-type-simple"},"yoast_head":"<!-- This site is optimized with the Yoast SEO plugin v27.4 - https:\/\/yoast.com\/product\/yoast-seo-wordpress\/ -->\n<title>Mesa redonda de madera maciza de Beli - Valencia&#039;s Wood Luxury<\/title>\n<meta name=\"description\" content=\"Mesa redonda de madera maciza de dise\u00f1o \u00fanico. Realizamos mesas a medida, elije entre las de nuestro stock o te la personalizamos a tu gusto.\" \/>\n<meta name=\"robots\" content=\"index, follow, max-snippet:-1, max-image-preview:large, max-video-preview:-1\" \/>\n<link rel=\"canonical\" href=\"https:\/\/valenciaswood.com\/index.php\/producto\/beli-mesa-no-2\/\" \/>\n<meta property=\"og:locale\" content=\"es_ES\" \/>\n<meta property=\"og:type\" content=\"article\" \/>\n<meta property=\"og:title\" content=\"Mesa redonda de madera maciza de Beli - Valencia&#039;s Wood Luxury\" \/>\n<meta property=\"og:description\" content=\"Mesa redonda de madera maciza de dise\u00f1o \u00fanico. Realizamos mesas a medida, elije entre las de nuestro stock o te la personalizamos a tu gusto.\" \/>\n<meta property=\"og:url\" content=\"https:\/\/valenciaswood.com\/index.php\/producto\/beli-mesa-no-2\/\" \/>\n<meta property=\"og:site_name\" content=\"Valencia&#039;s Wood Luxury\" \/>\n<meta property=\"article:modified_time\" content=\"2025-12-02T07:53:39+00:00\" \/>\n<meta property=\"og:image\" content=\"https:\/\/valenciaswood.com\/wp-content\/uploads\/2021\/01\/20210113_082039-scaled.jpeg\" \/>\n\t<meta property=\"og:image:width\" content=\"2560\" \/>\n\t<meta property=\"og:image:height\" content=\"1920\" \/>\n\t<meta property=\"og:image:type\" content=\"image\/jpeg\" \/>\n<meta name=\"twitter:card\" content=\"summary_large_image\" \/>\n<script type=\"application\/ld+json\" class=\"yoast-schema-graph\">{\"@context\":\"https:\\\/\\\/schema.org\",\"@graph\":[{\"@type\":\"WebPage\",\"@id\":\"https:\\\/\\\/valenciaswood.com\\\/index.php\\\/producto\\\/beli-mesa-no-2\\\/\",\"url\":\"https:\\\/\\\/valenciaswood.com\\\/index.php\\\/producto\\\/beli-mesa-no-2\\\/\",\"name\":\"Mesa redonda de madera maciza de Beli - Valencia&#039;s Wood Luxury\",\"isPartOf\":{\"@id\":\"https:\\\/\\\/valenciaswood.com\\\/#website\"},\"primaryImageOfPage\":{\"@id\":\"https:\\\/\\\/valenciaswood.com\\\/index.php\\\/producto\\\/beli-mesa-no-2\\\/#primaryimage\"},\"image\":{\"@id\":\"https:\\\/\\\/valenciaswood.com\\\/index.php\\\/producto\\\/beli-mesa-no-2\\\/#primaryimage\"},\"thumbnailUrl\":\"https:\\\/\\\/i0.wp.com\\\/valenciaswood.com\\\/wp-content\\\/uploads\\\/2021\\\/01\\\/20210113_082039-scaled.jpeg?fit=2560%2C1920&ssl=1\",\"datePublished\":\"2021-01-13T09:16:35+00:00\",\"dateModified\":\"2025-12-02T07:53:39+00:00\",\"description\":\"Mesa redonda de madera maciza de dise\u00f1o \u00fanico. Realizamos mesas a medida, elije entre las de nuestro stock o te la personalizamos a tu gusto.\",\"breadcrumb\":{\"@id\":\"https:\\\/\\\/valenciaswood.com\\\/index.php\\\/producto\\\/beli-mesa-no-2\\\/#breadcrumb\"},\"inLanguage\":\"es\",\"potentialAction\":[{\"@type\":\"ReadAction\",\"target\":[\"https:\\\/\\\/valenciaswood.com\\\/index.php\\\/producto\\\/beli-mesa-no-2\\\/\"]}]},{\"@type\":\"ImageObject\",\"inLanguage\":\"es\",\"@id\":\"https:\\\/\\\/valenciaswood.com\\\/index.php\\\/producto\\\/beli-mesa-no-2\\\/#primaryimage\",\"url\":\"https:\\\/\\\/i0.wp.com\\\/valenciaswood.com\\\/wp-content\\\/uploads\\\/2021\\\/01\\\/20210113_082039-scaled.jpeg?fit=2560%2C1920&ssl=1\",\"contentUrl\":\"https:\\\/\\\/i0.wp.com\\\/valenciaswood.com\\\/wp-content\\\/uploads\\\/2021\\\/01\\\/20210113_082039-scaled.jpeg?fit=2560%2C1920&ssl=1\",\"width\":2560,\"height\":1920,\"caption\":\"Mesa redonda de madera maciza de Beli, acabado semi brillo.\"},{\"@type\":\"BreadcrumbList\",\"@id\":\"https:\\\/\\\/valenciaswood.com\\\/index.php\\\/producto\\\/beli-mesa-no-2\\\/#breadcrumb\",\"itemListElement\":[{\"@type\":\"ListItem\",\"position\":1,\"name\":\"Portada\",\"item\":\"https:\\\/\\\/valenciaswood.com\\\/\"},{\"@type\":\"ListItem\",\"position\":2,\"name\":\"Tienda\",\"item\":\"https:\\\/\\\/valenciaswood.com\\\/index.php\\\/tienda\\\/\"},{\"@type\":\"ListItem\",\"position\":3,\"name\":\"Beli, mesa n\u00ba 02\"}]},{\"@type\":\"WebSite\",\"@id\":\"https:\\\/\\\/valenciaswood.com\\\/#website\",\"url\":\"https:\\\/\\\/valenciaswood.com\\\/\",\"name\":\"Valencia's Wood Luxury\",\"description\":\"\",\"publisher\":{\"@id\":\"https:\\\/\\\/valenciaswood.com\\\/#organization\"},\"potentialAction\":[{\"@type\":\"SearchAction\",\"target\":{\"@type\":\"EntryPoint\",\"urlTemplate\":\"https:\\\/\\\/valenciaswood.com\\\/?s={search_term_string}\"},\"query-input\":{\"@type\":\"PropertyValueSpecification\",\"valueRequired\":true,\"valueName\":\"search_term_string\"}}],\"inLanguage\":\"es\"},{\"@type\":\"Organization\",\"@id\":\"https:\\\/\\\/valenciaswood.com\\\/#organization\",\"name\":\"Valencia's Wood\",\"url\":\"https:\\\/\\\/valenciaswood.com\\\/\",\"logo\":{\"@type\":\"ImageObject\",\"inLanguage\":\"es\",\"@id\":\"https:\\\/\\\/valenciaswood.com\\\/#\\\/schema\\\/logo\\\/image\\\/\",\"url\":\"https:\\\/\\\/i0.wp.com\\\/valenciaswood.com\\\/wp-content\\\/uploads\\\/2020\\\/01\\\/logo.png?fit=200%2C75&ssl=1\",\"contentUrl\":\"https:\\\/\\\/i0.wp.com\\\/valenciaswood.com\\\/wp-content\\\/uploads\\\/2020\\\/01\\\/logo.png?fit=200%2C75&ssl=1\",\"width\":200,\"height\":75,\"caption\":\"Valencia's Wood\"},\"image\":{\"@id\":\"https:\\\/\\\/valenciaswood.com\\\/#\\\/schema\\\/logo\\\/image\\\/\"}}]}<\/script>\n<!-- \/ Yoast SEO plugin. -->","yoast_head_json":{"title":"Mesa redonda de madera maciza de Beli - Valencia&#039;s Wood Luxury","description":"Mesa redonda de madera maciza de dise\u00f1o \u00fanico. Realizamos mesas a medida, elije entre las de nuestro stock o te la personalizamos a tu gusto.","robots":{"index":"index","follow":"follow","max-snippet":"max-snippet:-1","max-image-preview":"max-image-preview:large","max-video-preview":"max-video-preview:-1"},"canonical":"https:\/\/valenciaswood.com\/index.php\/producto\/beli-mesa-no-2\/","og_locale":"es_ES","og_type":"article","og_title":"Mesa redonda de madera maciza de Beli - Valencia&#039;s Wood Luxury","og_description":"Mesa redonda de madera maciza de dise\u00f1o \u00fanico. Realizamos mesas a medida, elije entre las de nuestro stock o te la personalizamos a tu gusto.","og_url":"https:\/\/valenciaswood.com\/index.php\/producto\/beli-mesa-no-2\/","og_site_name":"Valencia&#039;s Wood Luxury","article_modified_time":"2025-12-02T07:53:39+00:00","og_image":[{"width":2560,"height":1920,"url":"https:\/\/valenciaswood.com\/wp-content\/uploads\/2021\/01\/20210113_082039-scaled.jpeg","type":"image\/jpeg"}],"twitter_card":"summary_large_image","schema":{"@context":"https:\/\/schema.org","@graph":[{"@type":"WebPage","@id":"https:\/\/valenciaswood.com\/index.php\/producto\/beli-mesa-no-2\/","url":"https:\/\/valenciaswood.com\/index.php\/producto\/beli-mesa-no-2\/","name":"Mesa redonda de madera maciza de Beli - Valencia&#039;s Wood Luxury","isPartOf":{"@id":"https:\/\/valenciaswood.com\/#website"},"primaryImageOfPage":{"@id":"https:\/\/valenciaswood.com\/index.php\/producto\/beli-mesa-no-2\/#primaryimage"},"image":{"@id":"https:\/\/valenciaswood.com\/index.php\/producto\/beli-mesa-no-2\/#primaryimage"},"thumbnailUrl":"https:\/\/i0.wp.com\/valenciaswood.com\/wp-content\/uploads\/2021\/01\/20210113_082039-scaled.jpeg?fit=2560%2C1920&ssl=1","datePublished":"2021-01-13T09:16:35+00:00","dateModified":"2025-12-02T07:53:39+00:00","description":"Mesa redonda de madera maciza de dise\u00f1o \u00fanico. Realizamos mesas a medida, elije entre las de nuestro stock o te la personalizamos a tu gusto.","breadcrumb":{"@id":"https:\/\/valenciaswood.com\/index.php\/producto\/beli-mesa-no-2\/#breadcrumb"},"inLanguage":"es","potentialAction":[{"@type":"ReadAction","target":["https:\/\/valenciaswood.com\/index.php\/producto\/beli-mesa-no-2\/"]}]},{"@type":"ImageObject","inLanguage":"es","@id":"https:\/\/valenciaswood.com\/index.php\/producto\/beli-mesa-no-2\/#primaryimage","url":"https:\/\/i0.wp.com\/valenciaswood.com\/wp-content\/uploads\/2021\/01\/20210113_082039-scaled.jpeg?fit=2560%2C1920&ssl=1","contentUrl":"https:\/\/i0.wp.com\/valenciaswood.com\/wp-content\/uploads\/2021\/01\/20210113_082039-scaled.jpeg?fit=2560%2C1920&ssl=1","width":2560,"height":1920,"caption":"Mesa redonda de madera maciza de Beli, acabado semi brillo."},{"@type":"BreadcrumbList","@id":"https:\/\/valenciaswood.com\/index.php\/producto\/beli-mesa-no-2\/#breadcrumb","itemListElement":[{"@type":"ListItem","position":1,"name":"Portada","item":"https:\/\/valenciaswood.com\/"},{"@type":"ListItem","position":2,"name":"Tienda","item":"https:\/\/valenciaswood.com\/index.php\/tienda\/"},{"@type":"ListItem","position":3,"name":"Beli, mesa n\u00ba 02"}]},{"@type":"WebSite","@id":"https:\/\/valenciaswood.com\/#website","url":"https:\/\/valenciaswood.com\/","name":"Valencia's Wood Luxury","description":"","publisher":{"@id":"https:\/\/valenciaswood.com\/#organization"},"potentialAction":[{"@type":"SearchAction","target":{"@type":"EntryPoint","urlTemplate":"https:\/\/valenciaswood.com\/?s={search_term_string}"},"query-input":{"@type":"PropertyValueSpecification","valueRequired":true,"valueName":"search_term_string"}}],"inLanguage":"es"},{"@type":"Organization","@id":"https:\/\/valenciaswood.com\/#organization","name":"Valencia's Wood","url":"https:\/\/valenciaswood.com\/","logo":{"@type":"ImageObject","inLanguage":"es","@id":"https:\/\/valenciaswood.com\/#\/schema\/logo\/image\/","url":"https:\/\/i0.wp.com\/valenciaswood.com\/wp-content\/uploads\/2020\/01\/logo.png?fit=200%2C75&ssl=1","contentUrl":"https:\/\/i0.wp.com\/valenciaswood.com\/wp-content\/uploads\/2020\/01\/logo.png?fit=200%2C75&ssl=1","width":200,"height":75,"caption":"Valencia's Wood"},"image":{"@id":"https:\/\/valenciaswood.com\/#\/schema\/logo\/image\/"}}]}},"jetpack_sharing_enabled":true,"_links":{"self":[{"href":"https:\/\/valenciaswood.com\/index.php\/wp-json\/wp\/v2\/product\/6160","targetHints":{"allow":["GET"]}}],"collection":[{"href":"https:\/\/valenciaswood.com\/index.php\/wp-json\/wp\/v2\/product"}],"about":[{"href":"https:\/\/valenciaswood.com\/index.php\/wp-json\/wp\/v2\/types\/product"}],"replies":[{"embeddable":true,"href":"https:\/\/valenciaswood.com\/index.php\/wp-json\/wp\/v2\/comments?post=6160"}],"wp:featuredmedia":[{"embeddable":true,"href":"https:\/\/valenciaswood.com\/index.php\/wp-json\/wp\/v2\/media\/6161"}],"wp:attachment":[{"href":"https:\/\/valenciaswood.com\/index.php\/wp-json\/wp\/v2\/media?parent=6160"}],"wp:term":[{"taxonomy":"product_brand","embeddable":true,"href":"https:\/\/valenciaswood.com\/index.php\/wp-json\/wp\/v2\/product_brand?post=6160"},{"taxonomy":"product_cat","embeddable":true,"href":"https:\/\/valenciaswood.com\/index.php\/wp-json\/wp\/v2\/product_cat?post=6160"},{"taxonomy":"product_tag","embeddable":true,"href":"https:\/\/valenciaswood.com\/index.php\/wp-json\/wp\/v2\/product_tag?post=6160"}],"curies":[{"name":"wp","href":"https:\/\/api.w.org\/{rel}","templated":true}]}}