{"id":11424,"date":"2025-05-15T14:43:13","date_gmt":"2025-05-15T12:43:13","guid":{"rendered":"https:\/\/valenciaswood.com\/?post_type=product&#038;p=11424"},"modified":"2025-05-15T14:43:14","modified_gmt":"2025-05-15T12:43:14","slug":"nogal-espanol-mesa-02","status":"publish","type":"product","link":"https:\/\/valenciaswood.com\/index.php\/producto\/nogal-espanol-mesa-02\/","title":{"rendered":"Nogal Espa\u00f1ol, mesa 02"},"content":{"rendered":"<p>Mesa de centro (coffe table) de madera maciza de Nogal Espa\u00f1ol, con acabado barniz extraduro satinado con cantos naturales y una forma que le confiere un aspecto \u00fanico y exclusivo.<br \/>\nPatas sencillas de hierro en color negro que hacen resaltar si cabe m\u00e1s todav\u00eda la pieza.<br \/>\nMedidas: 120&#215;90 cm, altura 48 cm.<\/p>\n<p>&nbsp;<\/p>\n<hr \/>\n<div class=\"column one\"><div class=\"mcb-column-inner\">Si te gusta esta mesa pero la prefieres con otras medidas o acabado, <a href=\"https:\/\/valenciaswood.com\/index.php\/categoria-producto\/solo-tablon\/nogal-espanol\/\">elije entre nuestros tablones<\/a> y te realizamos <strong>tu mesa a medida<\/strong>. Cada uno de nuestros tableros es \u00fanico en forma y tama\u00f1o. Si lo necesitas, te los podemos cortar seg\u00fan tus preferencias de medidas.<\/p>\n<p>Para cualquier cuesti\u00f3n, no dudes en ponerte en contacto con nosotros llam\u00e1ndonos al n\u00famero de tel\u00e9fono 963975629.<\/div><\/div>\n\n","protected":false},"excerpt":{"rendered":"<p>Mesa de centro (coffe table) de madera maciza de Nogal Espa\u00f1ol, con acabado barniz extraduro satinado con cantos naturales y una forma que le confiere un aspecto \u00fanico y exclusivo.<span class=\"excerpt-hellip\"> [\u2026]<\/span><\/p>\n","protected":false},"featured_media":11425,"comment_status":"closed","ping_status":"closed","template":"","meta":[],"product_brand":[],"product_cat":[23,45,21],"product_tag":[],"class_list":{"0":"post-11424","1":"product","2":"type-product","3":"status-publish","4":"has-post-thumbnail","6":"product_cat-mesas-de-madera-maciza-acabadas","7":"product_cat-nogal-espanol","8":"product_cat-solo-tablon","10":"first","11":"instock","12":"taxable","13":"shipping-taxable","14":"purchasable","15":"product-type-simple"},"yoast_head":"<!-- This site is optimized with the Yoast SEO plugin v27.4 - https:\/\/yoast.com\/product\/yoast-seo-wordpress\/ -->\n<title>Nogal Espa\u00f1ol, mesa 02 - Valencia&#039;s Wood Luxury<\/title>\n<meta name=\"description\" content=\"Mesas \u00fanicas, cantos naturales, maderas ex\u00f3ticas, entra en nuestra web y elige la tuya.\" \/>\n<meta name=\"robots\" content=\"index, follow, max-snippet:-1, max-image-preview:large, max-video-preview:-1\" \/>\n<link rel=\"canonical\" href=\"https:\/\/valenciaswood.com\/index.php\/producto\/nogal-espanol-mesa-02\/\" \/>\n<meta property=\"og:locale\" content=\"es_ES\" \/>\n<meta property=\"og:type\" content=\"article\" \/>\n<meta property=\"og:title\" content=\"Nogal Espa\u00f1ol, mesa 02 - Valencia&#039;s Wood Luxury\" \/>\n<meta property=\"og:description\" content=\"Mesas \u00fanicas, cantos naturales, maderas ex\u00f3ticas, entra en nuestra web y elige la tuya.\" \/>\n<meta property=\"og:url\" content=\"https:\/\/valenciaswood.com\/index.php\/producto\/nogal-espanol-mesa-02\/\" \/>\n<meta property=\"og:site_name\" content=\"Valencia&#039;s Wood Luxury\" \/>\n<meta property=\"article:modified_time\" content=\"2025-05-15T12:43:14+00:00\" \/>\n<meta property=\"og:image\" content=\"https:\/\/valenciaswood.com\/wp-content\/uploads\/2025\/05\/IMG_0977.jpg\" \/>\n\t<meta property=\"og:image:width\" content=\"1761\" \/>\n\t<meta property=\"og:image:height\" content=\"1693\" \/>\n\t<meta property=\"og:image:type\" content=\"image\/jpeg\" \/>\n<meta name=\"twitter:card\" content=\"summary_large_image\" \/>\n<script type=\"application\/ld+json\" class=\"yoast-schema-graph\">{\"@context\":\"https:\\\/\\\/schema.org\",\"@graph\":[{\"@type\":\"WebPage\",\"@id\":\"https:\\\/\\\/valenciaswood.com\\\/index.php\\\/producto\\\/nogal-espanol-mesa-02\\\/\",\"url\":\"https:\\\/\\\/valenciaswood.com\\\/index.php\\\/producto\\\/nogal-espanol-mesa-02\\\/\",\"name\":\"Nogal Espa\u00f1ol, mesa 02 - Valencia&#039;s Wood Luxury\",\"isPartOf\":{\"@id\":\"https:\\\/\\\/valenciaswood.com\\\/#website\"},\"primaryImageOfPage\":{\"@id\":\"https:\\\/\\\/valenciaswood.com\\\/index.php\\\/producto\\\/nogal-espanol-mesa-02\\\/#primaryimage\"},\"image\":{\"@id\":\"https:\\\/\\\/valenciaswood.com\\\/index.php\\\/producto\\\/nogal-espanol-mesa-02\\\/#primaryimage\"},\"thumbnailUrl\":\"https:\\\/\\\/i0.wp.com\\\/valenciaswood.com\\\/wp-content\\\/uploads\\\/2025\\\/05\\\/IMG_0977.jpg?fit=1761%2C1693&ssl=1\",\"datePublished\":\"2025-05-15T12:43:13+00:00\",\"dateModified\":\"2025-05-15T12:43:14+00:00\",\"description\":\"Mesas \u00fanicas, cantos naturales, maderas ex\u00f3ticas, entra en nuestra web y elige la tuya.\",\"breadcrumb\":{\"@id\":\"https:\\\/\\\/valenciaswood.com\\\/index.php\\\/producto\\\/nogal-espanol-mesa-02\\\/#breadcrumb\"},\"inLanguage\":\"es\",\"potentialAction\":[{\"@type\":\"ReadAction\",\"target\":[\"https:\\\/\\\/valenciaswood.com\\\/index.php\\\/producto\\\/nogal-espanol-mesa-02\\\/\"]}]},{\"@type\":\"ImageObject\",\"inLanguage\":\"es\",\"@id\":\"https:\\\/\\\/valenciaswood.com\\\/index.php\\\/producto\\\/nogal-espanol-mesa-02\\\/#primaryimage\",\"url\":\"https:\\\/\\\/i0.wp.com\\\/valenciaswood.com\\\/wp-content\\\/uploads\\\/2025\\\/05\\\/IMG_0977.jpg?fit=1761%2C1693&ssl=1\",\"contentUrl\":\"https:\\\/\\\/i0.wp.com\\\/valenciaswood.com\\\/wp-content\\\/uploads\\\/2025\\\/05\\\/IMG_0977.jpg?fit=1761%2C1693&ssl=1\",\"width\":1761,\"height\":1693,\"caption\":\"IMG 0977\"},{\"@type\":\"BreadcrumbList\",\"@id\":\"https:\\\/\\\/valenciaswood.com\\\/index.php\\\/producto\\\/nogal-espanol-mesa-02\\\/#breadcrumb\",\"itemListElement\":[{\"@type\":\"ListItem\",\"position\":1,\"name\":\"Portada\",\"item\":\"https:\\\/\\\/valenciaswood.com\\\/\"},{\"@type\":\"ListItem\",\"position\":2,\"name\":\"Tienda\",\"item\":\"https:\\\/\\\/valenciaswood.com\\\/index.php\\\/tienda\\\/\"},{\"@type\":\"ListItem\",\"position\":3,\"name\":\"Nogal Espa\u00f1ol, mesa 02\"}]},{\"@type\":\"WebSite\",\"@id\":\"https:\\\/\\\/valenciaswood.com\\\/#website\",\"url\":\"https:\\\/\\\/valenciaswood.com\\\/\",\"name\":\"Valencia's Wood Luxury\",\"description\":\"\",\"publisher\":{\"@id\":\"https:\\\/\\\/valenciaswood.com\\\/#organization\"},\"potentialAction\":[{\"@type\":\"SearchAction\",\"target\":{\"@type\":\"EntryPoint\",\"urlTemplate\":\"https:\\\/\\\/valenciaswood.com\\\/?s={search_term_string}\"},\"query-input\":{\"@type\":\"PropertyValueSpecification\",\"valueRequired\":true,\"valueName\":\"search_term_string\"}}],\"inLanguage\":\"es\"},{\"@type\":\"Organization\",\"@id\":\"https:\\\/\\\/valenciaswood.com\\\/#organization\",\"name\":\"Valencia's Wood\",\"url\":\"https:\\\/\\\/valenciaswood.com\\\/\",\"logo\":{\"@type\":\"ImageObject\",\"inLanguage\":\"es\",\"@id\":\"https:\\\/\\\/valenciaswood.com\\\/#\\\/schema\\\/logo\\\/image\\\/\",\"url\":\"https:\\\/\\\/i0.wp.com\\\/valenciaswood.com\\\/wp-content\\\/uploads\\\/2020\\\/01\\\/logo.png?fit=200%2C75&ssl=1\",\"contentUrl\":\"https:\\\/\\\/i0.wp.com\\\/valenciaswood.com\\\/wp-content\\\/uploads\\\/2020\\\/01\\\/logo.png?fit=200%2C75&ssl=1\",\"width\":200,\"height\":75,\"caption\":\"Valencia's Wood\"},\"image\":{\"@id\":\"https:\\\/\\\/valenciaswood.com\\\/#\\\/schema\\\/logo\\\/image\\\/\"}}]}<\/script>\n<!-- \/ Yoast SEO plugin. -->","yoast_head_json":{"title":"Nogal Espa\u00f1ol, mesa 02 - Valencia&#039;s Wood Luxury","description":"Mesas \u00fanicas, cantos naturales, maderas ex\u00f3ticas, entra en nuestra web y elige la tuya.","robots":{"index":"index","follow":"follow","max-snippet":"max-snippet:-1","max-image-preview":"max-image-preview:large","max-video-preview":"max-video-preview:-1"},"canonical":"https:\/\/valenciaswood.com\/index.php\/producto\/nogal-espanol-mesa-02\/","og_locale":"es_ES","og_type":"article","og_title":"Nogal Espa\u00f1ol, mesa 02 - Valencia&#039;s Wood Luxury","og_description":"Mesas \u00fanicas, cantos naturales, maderas ex\u00f3ticas, entra en nuestra web y elige la tuya.","og_url":"https:\/\/valenciaswood.com\/index.php\/producto\/nogal-espanol-mesa-02\/","og_site_name":"Valencia&#039;s Wood Luxury","article_modified_time":"2025-05-15T12:43:14+00:00","og_image":[{"width":1761,"height":1693,"url":"https:\/\/valenciaswood.com\/wp-content\/uploads\/2025\/05\/IMG_0977.jpg","type":"image\/jpeg"}],"twitter_card":"summary_large_image","schema":{"@context":"https:\/\/schema.org","@graph":[{"@type":"WebPage","@id":"https:\/\/valenciaswood.com\/index.php\/producto\/nogal-espanol-mesa-02\/","url":"https:\/\/valenciaswood.com\/index.php\/producto\/nogal-espanol-mesa-02\/","name":"Nogal Espa\u00f1ol, mesa 02 - Valencia&#039;s Wood Luxury","isPartOf":{"@id":"https:\/\/valenciaswood.com\/#website"},"primaryImageOfPage":{"@id":"https:\/\/valenciaswood.com\/index.php\/producto\/nogal-espanol-mesa-02\/#primaryimage"},"image":{"@id":"https:\/\/valenciaswood.com\/index.php\/producto\/nogal-espanol-mesa-02\/#primaryimage"},"thumbnailUrl":"https:\/\/i0.wp.com\/valenciaswood.com\/wp-content\/uploads\/2025\/05\/IMG_0977.jpg?fit=1761%2C1693&ssl=1","datePublished":"2025-05-15T12:43:13+00:00","dateModified":"2025-05-15T12:43:14+00:00","description":"Mesas \u00fanicas, cantos naturales, maderas ex\u00f3ticas, entra en nuestra web y elige la tuya.","breadcrumb":{"@id":"https:\/\/valenciaswood.com\/index.php\/producto\/nogal-espanol-mesa-02\/#breadcrumb"},"inLanguage":"es","potentialAction":[{"@type":"ReadAction","target":["https:\/\/valenciaswood.com\/index.php\/producto\/nogal-espanol-mesa-02\/"]}]},{"@type":"ImageObject","inLanguage":"es","@id":"https:\/\/valenciaswood.com\/index.php\/producto\/nogal-espanol-mesa-02\/#primaryimage","url":"https:\/\/i0.wp.com\/valenciaswood.com\/wp-content\/uploads\/2025\/05\/IMG_0977.jpg?fit=1761%2C1693&ssl=1","contentUrl":"https:\/\/i0.wp.com\/valenciaswood.com\/wp-content\/uploads\/2025\/05\/IMG_0977.jpg?fit=1761%2C1693&ssl=1","width":1761,"height":1693,"caption":"IMG 0977"},{"@type":"BreadcrumbList","@id":"https:\/\/valenciaswood.com\/index.php\/producto\/nogal-espanol-mesa-02\/#breadcrumb","itemListElement":[{"@type":"ListItem","position":1,"name":"Portada","item":"https:\/\/valenciaswood.com\/"},{"@type":"ListItem","position":2,"name":"Tienda","item":"https:\/\/valenciaswood.com\/index.php\/tienda\/"},{"@type":"ListItem","position":3,"name":"Nogal Espa\u00f1ol, mesa 02"}]},{"@type":"WebSite","@id":"https:\/\/valenciaswood.com\/#website","url":"https:\/\/valenciaswood.com\/","name":"Valencia's Wood Luxury","description":"","publisher":{"@id":"https:\/\/valenciaswood.com\/#organization"},"potentialAction":[{"@type":"SearchAction","target":{"@type":"EntryPoint","urlTemplate":"https:\/\/valenciaswood.com\/?s={search_term_string}"},"query-input":{"@type":"PropertyValueSpecification","valueRequired":true,"valueName":"search_term_string"}}],"inLanguage":"es"},{"@type":"Organization","@id":"https:\/\/valenciaswood.com\/#organization","name":"Valencia's Wood","url":"https:\/\/valenciaswood.com\/","logo":{"@type":"ImageObject","inLanguage":"es","@id":"https:\/\/valenciaswood.com\/#\/schema\/logo\/image\/","url":"https:\/\/i0.wp.com\/valenciaswood.com\/wp-content\/uploads\/2020\/01\/logo.png?fit=200%2C75&ssl=1","contentUrl":"https:\/\/i0.wp.com\/valenciaswood.com\/wp-content\/uploads\/2020\/01\/logo.png?fit=200%2C75&ssl=1","width":200,"height":75,"caption":"Valencia's Wood"},"image":{"@id":"https:\/\/valenciaswood.com\/#\/schema\/logo\/image\/"}}]}},"jetpack_sharing_enabled":true,"_links":{"self":[{"href":"https:\/\/valenciaswood.com\/index.php\/wp-json\/wp\/v2\/product\/11424","targetHints":{"allow":["GET"]}}],"collection":[{"href":"https:\/\/valenciaswood.com\/index.php\/wp-json\/wp\/v2\/product"}],"about":[{"href":"https:\/\/valenciaswood.com\/index.php\/wp-json\/wp\/v2\/types\/product"}],"replies":[{"embeddable":true,"href":"https:\/\/valenciaswood.com\/index.php\/wp-json\/wp\/v2\/comments?post=11424"}],"wp:featuredmedia":[{"embeddable":true,"href":"https:\/\/valenciaswood.com\/index.php\/wp-json\/wp\/v2\/media\/11425"}],"wp:attachment":[{"href":"https:\/\/valenciaswood.com\/index.php\/wp-json\/wp\/v2\/media?parent=11424"}],"wp:term":[{"taxonomy":"product_brand","embeddable":true,"href":"https:\/\/valenciaswood.com\/index.php\/wp-json\/wp\/v2\/product_brand?post=11424"},{"taxonomy":"product_cat","embeddable":true,"href":"https:\/\/valenciaswood.com\/index.php\/wp-json\/wp\/v2\/product_cat?post=11424"},{"taxonomy":"product_tag","embeddable":true,"href":"https:\/\/valenciaswood.com\/index.php\/wp-json\/wp\/v2\/product_tag?post=11424"}],"curies":[{"name":"wp","href":"https:\/\/api.w.org\/{rel}","templated":true}]}}