{"id":11405,"date":"2025-05-13T09:11:11","date_gmt":"2025-05-13T07:11:11","guid":{"rendered":"https:\/\/valenciaswood.com\/?post_type=product&#038;p=11405"},"modified":"2025-05-13T09:11:11","modified_gmt":"2025-05-13T07:11:11","slug":"bosse-no-37","status":"publish","type":"product","link":"https:\/\/valenciaswood.com\/index.php\/producto\/bosse-no-37\/","title":{"rendered":"Bosse n\u00ba 37"},"content":{"rendered":"<p>Tabla n\u00ba 37 de madera de Bosse o Cedro Africano, es una madera con un agradable olor a cedro, de color pardo rosado y bien diferenciado de su albura de color blanco p\u00e1lido.<\/p>\n<p>Medidas 350 x 75\/67\/67 cm grueso 5.5 cm<\/p>\n<p>Podemos cortar el largo de la tabla seg\u00fan sus necesidades, <a href=\"https:\/\/valenciaswood.com\/index.php\/contacto\/\">p\u00f3ngase en contacto con nosotros<\/a>.<\/p>\n","protected":false},"excerpt":{"rendered":"<p>Tabla n\u00ba 37 de madera de Bosse o Cedro Africano, es una madera con un agradable olor a cedro, de color pardo rosado y bien diferenciado de su albura de<span class=\"excerpt-hellip\"> [\u2026]<\/span><\/p>\n","protected":false},"featured_media":11406,"comment_status":"closed","ping_status":"closed","template":"","meta":[],"product_brand":[],"product_cat":[104,21],"product_tag":[],"class_list":{"0":"post-11405","1":"product","2":"type-product","3":"status-publish","4":"has-post-thumbnail","6":"product_cat-bosse","7":"product_cat-solo-tablon","9":"first","10":"instock","11":"taxable","12":"shipping-taxable","13":"purchasable","14":"product-type-simple"},"yoast_head":"<!-- This site is optimized with the Yoast SEO plugin v27.4 - https:\/\/yoast.com\/product\/yoast-seo-wordpress\/ -->\n<title>Bosse n\u00ba 37 - Valencia&#039;s Wood Luxury<\/title>\n<meta name=\"description\" content=\"Tabl\u00f3n de madera maciza de Bosse para mesa. Encuentra el tipo de madera que m\u00e1s te guste. Mesas \u00fanicas y exclusivas. Productos disponibles en la web.\" \/>\n<meta name=\"robots\" content=\"index, follow, max-snippet:-1, max-image-preview:large, max-video-preview:-1\" \/>\n<link rel=\"canonical\" href=\"https:\/\/valenciaswood.com\/index.php\/producto\/bosse-no-37\/\" \/>\n<meta property=\"og:locale\" content=\"es_ES\" \/>\n<meta property=\"og:type\" content=\"article\" \/>\n<meta property=\"og:title\" content=\"Bosse n\u00ba 37 - Valencia&#039;s Wood Luxury\" \/>\n<meta property=\"og:description\" content=\"Tabl\u00f3n de madera maciza de Bosse para mesa. Encuentra el tipo de madera que m\u00e1s te guste. Mesas \u00fanicas y exclusivas. Productos disponibles en la web.\" \/>\n<meta property=\"og:url\" content=\"https:\/\/valenciaswood.com\/index.php\/producto\/bosse-no-37\/\" \/>\n<meta property=\"og:site_name\" content=\"Valencia&#039;s Wood Luxury\" \/>\n<meta property=\"og:image\" content=\"https:\/\/valenciaswood.com\/wp-content\/uploads\/2025\/05\/BOSSE-37-scaled.jpeg\" \/>\n\t<meta property=\"og:image:width\" content=\"2039\" \/>\n\t<meta property=\"og:image:height\" content=\"2560\" \/>\n\t<meta property=\"og:image:type\" content=\"image\/jpeg\" \/>\n<meta name=\"twitter:card\" content=\"summary_large_image\" \/>\n<script type=\"application\/ld+json\" class=\"yoast-schema-graph\">{\"@context\":\"https:\\\/\\\/schema.org\",\"@graph\":[{\"@type\":\"WebPage\",\"@id\":\"https:\\\/\\\/valenciaswood.com\\\/index.php\\\/producto\\\/bosse-no-37\\\/\",\"url\":\"https:\\\/\\\/valenciaswood.com\\\/index.php\\\/producto\\\/bosse-no-37\\\/\",\"name\":\"Bosse n\u00ba 37 - Valencia&#039;s Wood Luxury\",\"isPartOf\":{\"@id\":\"https:\\\/\\\/valenciaswood.com\\\/#website\"},\"primaryImageOfPage\":{\"@id\":\"https:\\\/\\\/valenciaswood.com\\\/index.php\\\/producto\\\/bosse-no-37\\\/#primaryimage\"},\"image\":{\"@id\":\"https:\\\/\\\/valenciaswood.com\\\/index.php\\\/producto\\\/bosse-no-37\\\/#primaryimage\"},\"thumbnailUrl\":\"https:\\\/\\\/i0.wp.com\\\/valenciaswood.com\\\/wp-content\\\/uploads\\\/2025\\\/05\\\/BOSSE-37-scaled.jpeg?fit=2039%2C2560&ssl=1\",\"datePublished\":\"2025-05-13T07:11:11+00:00\",\"description\":\"Tabl\u00f3n de madera maciza de Bosse para mesa. Encuentra el tipo de madera que m\u00e1s te guste. Mesas \u00fanicas y exclusivas. Productos disponibles en la web.\",\"breadcrumb\":{\"@id\":\"https:\\\/\\\/valenciaswood.com\\\/index.php\\\/producto\\\/bosse-no-37\\\/#breadcrumb\"},\"inLanguage\":\"es\",\"potentialAction\":[{\"@type\":\"ReadAction\",\"target\":[\"https:\\\/\\\/valenciaswood.com\\\/index.php\\\/producto\\\/bosse-no-37\\\/\"]}]},{\"@type\":\"ImageObject\",\"inLanguage\":\"es\",\"@id\":\"https:\\\/\\\/valenciaswood.com\\\/index.php\\\/producto\\\/bosse-no-37\\\/#primaryimage\",\"url\":\"https:\\\/\\\/i0.wp.com\\\/valenciaswood.com\\\/wp-content\\\/uploads\\\/2025\\\/05\\\/BOSSE-37-scaled.jpeg?fit=2039%2C2560&ssl=1\",\"contentUrl\":\"https:\\\/\\\/i0.wp.com\\\/valenciaswood.com\\\/wp-content\\\/uploads\\\/2025\\\/05\\\/BOSSE-37-scaled.jpeg?fit=2039%2C2560&ssl=1\",\"width\":2039,\"height\":2560,\"caption\":\"BOSSE 37\"},{\"@type\":\"BreadcrumbList\",\"@id\":\"https:\\\/\\\/valenciaswood.com\\\/index.php\\\/producto\\\/bosse-no-37\\\/#breadcrumb\",\"itemListElement\":[{\"@type\":\"ListItem\",\"position\":1,\"name\":\"Portada\",\"item\":\"https:\\\/\\\/valenciaswood.com\\\/\"},{\"@type\":\"ListItem\",\"position\":2,\"name\":\"Tienda\",\"item\":\"https:\\\/\\\/valenciaswood.com\\\/index.php\\\/tienda\\\/\"},{\"@type\":\"ListItem\",\"position\":3,\"name\":\"Bosse n\u00ba 37\"}]},{\"@type\":\"WebSite\",\"@id\":\"https:\\\/\\\/valenciaswood.com\\\/#website\",\"url\":\"https:\\\/\\\/valenciaswood.com\\\/\",\"name\":\"Valencia's Wood Luxury\",\"description\":\"\",\"publisher\":{\"@id\":\"https:\\\/\\\/valenciaswood.com\\\/#organization\"},\"potentialAction\":[{\"@type\":\"SearchAction\",\"target\":{\"@type\":\"EntryPoint\",\"urlTemplate\":\"https:\\\/\\\/valenciaswood.com\\\/?s={search_term_string}\"},\"query-input\":{\"@type\":\"PropertyValueSpecification\",\"valueRequired\":true,\"valueName\":\"search_term_string\"}}],\"inLanguage\":\"es\"},{\"@type\":\"Organization\",\"@id\":\"https:\\\/\\\/valenciaswood.com\\\/#organization\",\"name\":\"Valencia's Wood\",\"url\":\"https:\\\/\\\/valenciaswood.com\\\/\",\"logo\":{\"@type\":\"ImageObject\",\"inLanguage\":\"es\",\"@id\":\"https:\\\/\\\/valenciaswood.com\\\/#\\\/schema\\\/logo\\\/image\\\/\",\"url\":\"https:\\\/\\\/i0.wp.com\\\/valenciaswood.com\\\/wp-content\\\/uploads\\\/2020\\\/01\\\/logo.png?fit=200%2C75&ssl=1\",\"contentUrl\":\"https:\\\/\\\/i0.wp.com\\\/valenciaswood.com\\\/wp-content\\\/uploads\\\/2020\\\/01\\\/logo.png?fit=200%2C75&ssl=1\",\"width\":200,\"height\":75,\"caption\":\"Valencia's Wood\"},\"image\":{\"@id\":\"https:\\\/\\\/valenciaswood.com\\\/#\\\/schema\\\/logo\\\/image\\\/\"}}]}<\/script>\n<!-- \/ Yoast SEO plugin. -->","yoast_head_json":{"title":"Bosse n\u00ba 37 - Valencia&#039;s Wood Luxury","description":"Tabl\u00f3n de madera maciza de Bosse para mesa. Encuentra el tipo de madera que m\u00e1s te guste. Mesas \u00fanicas y exclusivas. Productos disponibles en la web.","robots":{"index":"index","follow":"follow","max-snippet":"max-snippet:-1","max-image-preview":"max-image-preview:large","max-video-preview":"max-video-preview:-1"},"canonical":"https:\/\/valenciaswood.com\/index.php\/producto\/bosse-no-37\/","og_locale":"es_ES","og_type":"article","og_title":"Bosse n\u00ba 37 - Valencia&#039;s Wood Luxury","og_description":"Tabl\u00f3n de madera maciza de Bosse para mesa. Encuentra el tipo de madera que m\u00e1s te guste. Mesas \u00fanicas y exclusivas. Productos disponibles en la web.","og_url":"https:\/\/valenciaswood.com\/index.php\/producto\/bosse-no-37\/","og_site_name":"Valencia&#039;s Wood Luxury","og_image":[{"width":2039,"height":2560,"url":"https:\/\/valenciaswood.com\/wp-content\/uploads\/2025\/05\/BOSSE-37-scaled.jpeg","type":"image\/jpeg"}],"twitter_card":"summary_large_image","schema":{"@context":"https:\/\/schema.org","@graph":[{"@type":"WebPage","@id":"https:\/\/valenciaswood.com\/index.php\/producto\/bosse-no-37\/","url":"https:\/\/valenciaswood.com\/index.php\/producto\/bosse-no-37\/","name":"Bosse n\u00ba 37 - Valencia&#039;s Wood Luxury","isPartOf":{"@id":"https:\/\/valenciaswood.com\/#website"},"primaryImageOfPage":{"@id":"https:\/\/valenciaswood.com\/index.php\/producto\/bosse-no-37\/#primaryimage"},"image":{"@id":"https:\/\/valenciaswood.com\/index.php\/producto\/bosse-no-37\/#primaryimage"},"thumbnailUrl":"https:\/\/i0.wp.com\/valenciaswood.com\/wp-content\/uploads\/2025\/05\/BOSSE-37-scaled.jpeg?fit=2039%2C2560&ssl=1","datePublished":"2025-05-13T07:11:11+00:00","description":"Tabl\u00f3n de madera maciza de Bosse para mesa. Encuentra el tipo de madera que m\u00e1s te guste. Mesas \u00fanicas y exclusivas. Productos disponibles en la web.","breadcrumb":{"@id":"https:\/\/valenciaswood.com\/index.php\/producto\/bosse-no-37\/#breadcrumb"},"inLanguage":"es","potentialAction":[{"@type":"ReadAction","target":["https:\/\/valenciaswood.com\/index.php\/producto\/bosse-no-37\/"]}]},{"@type":"ImageObject","inLanguage":"es","@id":"https:\/\/valenciaswood.com\/index.php\/producto\/bosse-no-37\/#primaryimage","url":"https:\/\/i0.wp.com\/valenciaswood.com\/wp-content\/uploads\/2025\/05\/BOSSE-37-scaled.jpeg?fit=2039%2C2560&ssl=1","contentUrl":"https:\/\/i0.wp.com\/valenciaswood.com\/wp-content\/uploads\/2025\/05\/BOSSE-37-scaled.jpeg?fit=2039%2C2560&ssl=1","width":2039,"height":2560,"caption":"BOSSE 37"},{"@type":"BreadcrumbList","@id":"https:\/\/valenciaswood.com\/index.php\/producto\/bosse-no-37\/#breadcrumb","itemListElement":[{"@type":"ListItem","position":1,"name":"Portada","item":"https:\/\/valenciaswood.com\/"},{"@type":"ListItem","position":2,"name":"Tienda","item":"https:\/\/valenciaswood.com\/index.php\/tienda\/"},{"@type":"ListItem","position":3,"name":"Bosse n\u00ba 37"}]},{"@type":"WebSite","@id":"https:\/\/valenciaswood.com\/#website","url":"https:\/\/valenciaswood.com\/","name":"Valencia's Wood Luxury","description":"","publisher":{"@id":"https:\/\/valenciaswood.com\/#organization"},"potentialAction":[{"@type":"SearchAction","target":{"@type":"EntryPoint","urlTemplate":"https:\/\/valenciaswood.com\/?s={search_term_string}"},"query-input":{"@type":"PropertyValueSpecification","valueRequired":true,"valueName":"search_term_string"}}],"inLanguage":"es"},{"@type":"Organization","@id":"https:\/\/valenciaswood.com\/#organization","name":"Valencia's Wood","url":"https:\/\/valenciaswood.com\/","logo":{"@type":"ImageObject","inLanguage":"es","@id":"https:\/\/valenciaswood.com\/#\/schema\/logo\/image\/","url":"https:\/\/i0.wp.com\/valenciaswood.com\/wp-content\/uploads\/2020\/01\/logo.png?fit=200%2C75&ssl=1","contentUrl":"https:\/\/i0.wp.com\/valenciaswood.com\/wp-content\/uploads\/2020\/01\/logo.png?fit=200%2C75&ssl=1","width":200,"height":75,"caption":"Valencia's Wood"},"image":{"@id":"https:\/\/valenciaswood.com\/#\/schema\/logo\/image\/"}}]}},"jetpack_sharing_enabled":true,"_links":{"self":[{"href":"https:\/\/valenciaswood.com\/index.php\/wp-json\/wp\/v2\/product\/11405","targetHints":{"allow":["GET"]}}],"collection":[{"href":"https:\/\/valenciaswood.com\/index.php\/wp-json\/wp\/v2\/product"}],"about":[{"href":"https:\/\/valenciaswood.com\/index.php\/wp-json\/wp\/v2\/types\/product"}],"replies":[{"embeddable":true,"href":"https:\/\/valenciaswood.com\/index.php\/wp-json\/wp\/v2\/comments?post=11405"}],"wp:featuredmedia":[{"embeddable":true,"href":"https:\/\/valenciaswood.com\/index.php\/wp-json\/wp\/v2\/media\/11406"}],"wp:attachment":[{"href":"https:\/\/valenciaswood.com\/index.php\/wp-json\/wp\/v2\/media?parent=11405"}],"wp:term":[{"taxonomy":"product_brand","embeddable":true,"href":"https:\/\/valenciaswood.com\/index.php\/wp-json\/wp\/v2\/product_brand?post=11405"},{"taxonomy":"product_cat","embeddable":true,"href":"https:\/\/valenciaswood.com\/index.php\/wp-json\/wp\/v2\/product_cat?post=11405"},{"taxonomy":"product_tag","embeddable":true,"href":"https:\/\/valenciaswood.com\/index.php\/wp-json\/wp\/v2\/product_tag?post=11405"}],"curies":[{"name":"wp","href":"https:\/\/api.w.org\/{rel}","templated":true}]}}