{"id":10828,"date":"2025-04-01T09:08:52","date_gmt":"2025-04-01T07:08:52","guid":{"rendered":"https:\/\/valenciaswood.com\/?post_type=product&#038;p=10828"},"modified":"2025-04-01T09:08:53","modified_gmt":"2025-04-01T07:08:53","slug":"iroko-no-126","status":"publish","type":"product","link":"https:\/\/valenciaswood.com\/index.php\/producto\/iroko-no-126\/","title":{"rendered":"Iroko n\u00ba 126"},"content":{"rendered":"<p>Tabl\u00f3n n\u00ba 126 de madera de Iroko.<\/p>\n<p>Madera de color amarillo que con el tiempo se torna marr\u00f3n dorado; puede presentar manchas de color marr\u00f3n chocolate.<\/p>\n<p>Al Iroko tambi\u00e9n se le conoce con el nombre de Teca Africana, es apta para exterior.<\/p>\n<p>Medidas: 140x 80\/75 cm, grueso: 5,5 cm.<\/p>\n<p>Podemos cortar el largo de la tabla seg\u00fan sus necesidades, <a href=\"https:\/\/valenciaswood.com\/index.php\/contacto\/\">p\u00f3ngase en contacto con nosotros<\/a>.<\/p>\n","protected":false},"excerpt":{"rendered":"<p>Tabl\u00f3n n\u00ba 126 de madera de Iroko. Madera de color amarillo que con el tiempo se torna marr\u00f3n dorado; puede presentar manchas de color marr\u00f3n chocolate. Al Iroko tambi\u00e9n se<span class=\"excerpt-hellip\"> [\u2026]<\/span><\/p>\n","protected":false},"featured_media":10830,"comment_status":"closed","ping_status":"closed","template":"","meta":[],"product_brand":[],"product_cat":[29,21],"product_tag":[],"class_list":{"0":"post-10828","1":"product","2":"type-product","3":"status-publish","4":"has-post-thumbnail","6":"product_cat-iroko","7":"product_cat-solo-tablon","9":"first","10":"instock","11":"taxable","12":"shipping-taxable","13":"purchasable","14":"product-type-simple"},"yoast_head":"<!-- This site is optimized with the Yoast SEO plugin v27.3 - https:\/\/yoast.com\/product\/yoast-seo-wordpress\/ -->\n<title>Iroko n\u00ba 126 - Valencia&#039;s Wood Luxury<\/title>\n<meta name=\"description\" content=\"Entra en nuestra web y descubre la gran variedad de tablones de madera maciza que disponemos para la elaboraci\u00f3n de mesas. No te quedes sin la tuya.\" \/>\n<meta name=\"robots\" content=\"index, follow, max-snippet:-1, max-image-preview:large, max-video-preview:-1\" \/>\n<link rel=\"canonical\" href=\"https:\/\/valenciaswood.com\/index.php\/producto\/iroko-no-126\/\" \/>\n<meta property=\"og:locale\" content=\"es_ES\" \/>\n<meta property=\"og:type\" content=\"article\" \/>\n<meta property=\"og:title\" content=\"Iroko n\u00ba 126 - Valencia&#039;s Wood Luxury\" \/>\n<meta property=\"og:description\" content=\"Entra en nuestra web y descubre la gran variedad de tablones de madera maciza que disponemos para la elaboraci\u00f3n de mesas. No te quedes sin la tuya.\" \/>\n<meta property=\"og:url\" content=\"https:\/\/valenciaswood.com\/index.php\/producto\/iroko-no-126\/\" \/>\n<meta property=\"og:site_name\" content=\"Valencia&#039;s Wood Luxury\" \/>\n<meta property=\"article:modified_time\" content=\"2025-04-01T07:08:53+00:00\" \/>\n<meta property=\"og:image\" content=\"https:\/\/valenciaswood.com\/wp-content\/uploads\/2025\/04\/IROKO-126-scaled.jpeg\" \/>\n\t<meta property=\"og:image:width\" content=\"1920\" \/>\n\t<meta property=\"og:image:height\" content=\"2560\" \/>\n\t<meta property=\"og:image:type\" content=\"image\/jpeg\" \/>\n<meta name=\"twitter:card\" content=\"summary_large_image\" \/>\n<script type=\"application\/ld+json\" class=\"yoast-schema-graph\">{\"@context\":\"https:\\\/\\\/schema.org\",\"@graph\":[{\"@type\":\"WebPage\",\"@id\":\"https:\\\/\\\/valenciaswood.com\\\/index.php\\\/producto\\\/iroko-no-126\\\/\",\"url\":\"https:\\\/\\\/valenciaswood.com\\\/index.php\\\/producto\\\/iroko-no-126\\\/\",\"name\":\"Iroko n\u00ba 126 - Valencia&#039;s Wood Luxury\",\"isPartOf\":{\"@id\":\"https:\\\/\\\/valenciaswood.com\\\/#website\"},\"primaryImageOfPage\":{\"@id\":\"https:\\\/\\\/valenciaswood.com\\\/index.php\\\/producto\\\/iroko-no-126\\\/#primaryimage\"},\"image\":{\"@id\":\"https:\\\/\\\/valenciaswood.com\\\/index.php\\\/producto\\\/iroko-no-126\\\/#primaryimage\"},\"thumbnailUrl\":\"https:\\\/\\\/i0.wp.com\\\/valenciaswood.com\\\/wp-content\\\/uploads\\\/2025\\\/04\\\/IROKO-126-scaled.jpeg?fit=1920%2C2560&ssl=1\",\"datePublished\":\"2025-04-01T07:08:52+00:00\",\"dateModified\":\"2025-04-01T07:08:53+00:00\",\"description\":\"Entra en nuestra web y descubre la gran variedad de tablones de madera maciza que disponemos para la elaboraci\u00f3n de mesas. No te quedes sin la tuya.\",\"breadcrumb\":{\"@id\":\"https:\\\/\\\/valenciaswood.com\\\/index.php\\\/producto\\\/iroko-no-126\\\/#breadcrumb\"},\"inLanguage\":\"es\",\"potentialAction\":[{\"@type\":\"ReadAction\",\"target\":[\"https:\\\/\\\/valenciaswood.com\\\/index.php\\\/producto\\\/iroko-no-126\\\/\"]}]},{\"@type\":\"ImageObject\",\"inLanguage\":\"es\",\"@id\":\"https:\\\/\\\/valenciaswood.com\\\/index.php\\\/producto\\\/iroko-no-126\\\/#primaryimage\",\"url\":\"https:\\\/\\\/i0.wp.com\\\/valenciaswood.com\\\/wp-content\\\/uploads\\\/2025\\\/04\\\/IROKO-126-scaled.jpeg?fit=1920%2C2560&ssl=1\",\"contentUrl\":\"https:\\\/\\\/i0.wp.com\\\/valenciaswood.com\\\/wp-content\\\/uploads\\\/2025\\\/04\\\/IROKO-126-scaled.jpeg?fit=1920%2C2560&ssl=1\",\"width\":1920,\"height\":2560,\"caption\":\"IROKO 126\"},{\"@type\":\"BreadcrumbList\",\"@id\":\"https:\\\/\\\/valenciaswood.com\\\/index.php\\\/producto\\\/iroko-no-126\\\/#breadcrumb\",\"itemListElement\":[{\"@type\":\"ListItem\",\"position\":1,\"name\":\"Portada\",\"item\":\"https:\\\/\\\/valenciaswood.com\\\/\"},{\"@type\":\"ListItem\",\"position\":2,\"name\":\"Tienda\",\"item\":\"https:\\\/\\\/valenciaswood.com\\\/index.php\\\/tienda\\\/\"},{\"@type\":\"ListItem\",\"position\":3,\"name\":\"Iroko n\u00ba 126\"}]},{\"@type\":\"WebSite\",\"@id\":\"https:\\\/\\\/valenciaswood.com\\\/#website\",\"url\":\"https:\\\/\\\/valenciaswood.com\\\/\",\"name\":\"Valencia's Wood Luxury\",\"description\":\"\",\"publisher\":{\"@id\":\"https:\\\/\\\/valenciaswood.com\\\/#organization\"},\"potentialAction\":[{\"@type\":\"SearchAction\",\"target\":{\"@type\":\"EntryPoint\",\"urlTemplate\":\"https:\\\/\\\/valenciaswood.com\\\/?s={search_term_string}\"},\"query-input\":{\"@type\":\"PropertyValueSpecification\",\"valueRequired\":true,\"valueName\":\"search_term_string\"}}],\"inLanguage\":\"es\"},{\"@type\":\"Organization\",\"@id\":\"https:\\\/\\\/valenciaswood.com\\\/#organization\",\"name\":\"Valencia's Wood\",\"url\":\"https:\\\/\\\/valenciaswood.com\\\/\",\"logo\":{\"@type\":\"ImageObject\",\"inLanguage\":\"es\",\"@id\":\"https:\\\/\\\/valenciaswood.com\\\/#\\\/schema\\\/logo\\\/image\\\/\",\"url\":\"https:\\\/\\\/i0.wp.com\\\/valenciaswood.com\\\/wp-content\\\/uploads\\\/2020\\\/01\\\/logo.png?fit=200%2C75&ssl=1\",\"contentUrl\":\"https:\\\/\\\/i0.wp.com\\\/valenciaswood.com\\\/wp-content\\\/uploads\\\/2020\\\/01\\\/logo.png?fit=200%2C75&ssl=1\",\"width\":200,\"height\":75,\"caption\":\"Valencia's Wood\"},\"image\":{\"@id\":\"https:\\\/\\\/valenciaswood.com\\\/#\\\/schema\\\/logo\\\/image\\\/\"}}]}<\/script>\n<!-- \/ Yoast SEO plugin. -->","yoast_head_json":{"title":"Iroko n\u00ba 126 - Valencia&#039;s Wood Luxury","description":"Entra en nuestra web y descubre la gran variedad de tablones de madera maciza que disponemos para la elaboraci\u00f3n de mesas. No te quedes sin la tuya.","robots":{"index":"index","follow":"follow","max-snippet":"max-snippet:-1","max-image-preview":"max-image-preview:large","max-video-preview":"max-video-preview:-1"},"canonical":"https:\/\/valenciaswood.com\/index.php\/producto\/iroko-no-126\/","og_locale":"es_ES","og_type":"article","og_title":"Iroko n\u00ba 126 - Valencia&#039;s Wood Luxury","og_description":"Entra en nuestra web y descubre la gran variedad de tablones de madera maciza que disponemos para la elaboraci\u00f3n de mesas. No te quedes sin la tuya.","og_url":"https:\/\/valenciaswood.com\/index.php\/producto\/iroko-no-126\/","og_site_name":"Valencia&#039;s Wood Luxury","article_modified_time":"2025-04-01T07:08:53+00:00","og_image":[{"width":1920,"height":2560,"url":"https:\/\/valenciaswood.com\/wp-content\/uploads\/2025\/04\/IROKO-126-scaled.jpeg","type":"image\/jpeg"}],"twitter_card":"summary_large_image","schema":{"@context":"https:\/\/schema.org","@graph":[{"@type":"WebPage","@id":"https:\/\/valenciaswood.com\/index.php\/producto\/iroko-no-126\/","url":"https:\/\/valenciaswood.com\/index.php\/producto\/iroko-no-126\/","name":"Iroko n\u00ba 126 - Valencia&#039;s Wood Luxury","isPartOf":{"@id":"https:\/\/valenciaswood.com\/#website"},"primaryImageOfPage":{"@id":"https:\/\/valenciaswood.com\/index.php\/producto\/iroko-no-126\/#primaryimage"},"image":{"@id":"https:\/\/valenciaswood.com\/index.php\/producto\/iroko-no-126\/#primaryimage"},"thumbnailUrl":"https:\/\/i0.wp.com\/valenciaswood.com\/wp-content\/uploads\/2025\/04\/IROKO-126-scaled.jpeg?fit=1920%2C2560&ssl=1","datePublished":"2025-04-01T07:08:52+00:00","dateModified":"2025-04-01T07:08:53+00:00","description":"Entra en nuestra web y descubre la gran variedad de tablones de madera maciza que disponemos para la elaboraci\u00f3n de mesas. No te quedes sin la tuya.","breadcrumb":{"@id":"https:\/\/valenciaswood.com\/index.php\/producto\/iroko-no-126\/#breadcrumb"},"inLanguage":"es","potentialAction":[{"@type":"ReadAction","target":["https:\/\/valenciaswood.com\/index.php\/producto\/iroko-no-126\/"]}]},{"@type":"ImageObject","inLanguage":"es","@id":"https:\/\/valenciaswood.com\/index.php\/producto\/iroko-no-126\/#primaryimage","url":"https:\/\/i0.wp.com\/valenciaswood.com\/wp-content\/uploads\/2025\/04\/IROKO-126-scaled.jpeg?fit=1920%2C2560&ssl=1","contentUrl":"https:\/\/i0.wp.com\/valenciaswood.com\/wp-content\/uploads\/2025\/04\/IROKO-126-scaled.jpeg?fit=1920%2C2560&ssl=1","width":1920,"height":2560,"caption":"IROKO 126"},{"@type":"BreadcrumbList","@id":"https:\/\/valenciaswood.com\/index.php\/producto\/iroko-no-126\/#breadcrumb","itemListElement":[{"@type":"ListItem","position":1,"name":"Portada","item":"https:\/\/valenciaswood.com\/"},{"@type":"ListItem","position":2,"name":"Tienda","item":"https:\/\/valenciaswood.com\/index.php\/tienda\/"},{"@type":"ListItem","position":3,"name":"Iroko n\u00ba 126"}]},{"@type":"WebSite","@id":"https:\/\/valenciaswood.com\/#website","url":"https:\/\/valenciaswood.com\/","name":"Valencia's Wood Luxury","description":"","publisher":{"@id":"https:\/\/valenciaswood.com\/#organization"},"potentialAction":[{"@type":"SearchAction","target":{"@type":"EntryPoint","urlTemplate":"https:\/\/valenciaswood.com\/?s={search_term_string}"},"query-input":{"@type":"PropertyValueSpecification","valueRequired":true,"valueName":"search_term_string"}}],"inLanguage":"es"},{"@type":"Organization","@id":"https:\/\/valenciaswood.com\/#organization","name":"Valencia's Wood","url":"https:\/\/valenciaswood.com\/","logo":{"@type":"ImageObject","inLanguage":"es","@id":"https:\/\/valenciaswood.com\/#\/schema\/logo\/image\/","url":"https:\/\/i0.wp.com\/valenciaswood.com\/wp-content\/uploads\/2020\/01\/logo.png?fit=200%2C75&ssl=1","contentUrl":"https:\/\/i0.wp.com\/valenciaswood.com\/wp-content\/uploads\/2020\/01\/logo.png?fit=200%2C75&ssl=1","width":200,"height":75,"caption":"Valencia's Wood"},"image":{"@id":"https:\/\/valenciaswood.com\/#\/schema\/logo\/image\/"}}]}},"jetpack_sharing_enabled":true,"_links":{"self":[{"href":"https:\/\/valenciaswood.com\/index.php\/wp-json\/wp\/v2\/product\/10828","targetHints":{"allow":["GET"]}}],"collection":[{"href":"https:\/\/valenciaswood.com\/index.php\/wp-json\/wp\/v2\/product"}],"about":[{"href":"https:\/\/valenciaswood.com\/index.php\/wp-json\/wp\/v2\/types\/product"}],"replies":[{"embeddable":true,"href":"https:\/\/valenciaswood.com\/index.php\/wp-json\/wp\/v2\/comments?post=10828"}],"wp:featuredmedia":[{"embeddable":true,"href":"https:\/\/valenciaswood.com\/index.php\/wp-json\/wp\/v2\/media\/10830"}],"wp:attachment":[{"href":"https:\/\/valenciaswood.com\/index.php\/wp-json\/wp\/v2\/media?parent=10828"}],"wp:term":[{"taxonomy":"product_brand","embeddable":true,"href":"https:\/\/valenciaswood.com\/index.php\/wp-json\/wp\/v2\/product_brand?post=10828"},{"taxonomy":"product_cat","embeddable":true,"href":"https:\/\/valenciaswood.com\/index.php\/wp-json\/wp\/v2\/product_cat?post=10828"},{"taxonomy":"product_tag","embeddable":true,"href":"https:\/\/valenciaswood.com\/index.php\/wp-json\/wp\/v2\/product_tag?post=10828"}],"curies":[{"name":"wp","href":"https:\/\/api.w.org\/{rel}","templated":true}]}}