{"id":8,"date":"2018-11-05T11:59:38","date_gmt":"2018-11-05T11:59:38","guid":{"rendered":"https:\/\/themes.muffingroup.com\/be\/carpenter3\/?page_id=8"},"modified":"2025-11-05T15:36:59","modified_gmt":"2025-11-05T14:36:59","slug":"sobre-nosotros","status":"publish","type":"page","link":"https:\/\/valenciaswood.com\/index.php\/sobre-nosotros\/","title":{"rendered":"Sobre nosotros"},"content":{"rendered":"\n<h2 class=\"wp-block-heading\"><\/h2>\n\n\n<div class=\"wp-block-image\">\n<figure class=\"aligncenter size-large\"><img data-recalc-dims=\"1\" decoding=\"async\" width=\"1024\" height=\"569\" data-src=\"https:\/\/i0.wp.com\/valenciaswood.com\/wp-content\/uploads\/2020\/11\/Seleccion-de-troncos..jpeg?resize=1024%2C569&#038;ssl=1\" alt=\"\" class=\"wp-image-5753 lazyload\" data-srcset=\"https:\/\/i0.wp.com\/valenciaswood.com\/wp-content\/uploads\/2020\/11\/Seleccion-de-troncos..jpeg?resize=1024%2C569&amp;ssl=1 1024w, https:\/\/i0.wp.com\/valenciaswood.com\/wp-content\/uploads\/2020\/11\/Seleccion-de-troncos..jpeg?resize=300%2C167&amp;ssl=1 300w, https:\/\/i0.wp.com\/valenciaswood.com\/wp-content\/uploads\/2020\/11\/Seleccion-de-troncos..jpeg?resize=768%2C427&amp;ssl=1 768w, https:\/\/i0.wp.com\/valenciaswood.com\/wp-content\/uploads\/2020\/11\/Seleccion-de-troncos..jpeg?resize=260%2C144&amp;ssl=1 260w, https:\/\/i0.wp.com\/valenciaswood.com\/wp-content\/uploads\/2020\/11\/Seleccion-de-troncos..jpeg?resize=50%2C28&amp;ssl=1 50w, https:\/\/i0.wp.com\/valenciaswood.com\/wp-content\/uploads\/2020\/11\/Seleccion-de-troncos..jpeg?resize=135%2C75&amp;ssl=1 135w, https:\/\/i0.wp.com\/valenciaswood.com\/wp-content\/uploads\/2020\/11\/Seleccion-de-troncos..jpeg?resize=600%2C333&amp;ssl=1 600w, https:\/\/i0.wp.com\/valenciaswood.com\/wp-content\/uploads\/2020\/11\/Seleccion-de-troncos..jpeg?w=1080&amp;ssl=1 1080w\" data-sizes=\"(max-width:767px) 480px, (max-width:1024px) 100vw, 1024px\" src=\"data:image\/svg+xml;base64,PHN2ZyB3aWR0aD0iMSIgaGVpZ2h0PSIxIiB4bWxucz0iaHR0cDovL3d3dy53My5vcmcvMjAwMC9zdmciPjwvc3ZnPg==\" style=\"--smush-placeholder-width: 1024px; --smush-placeholder-aspect-ratio: 1024\/569;\" \/><\/figure>\n<\/div>\n\n\n<p class=\"has-text-align-justify\"><span style=\"color:#5d5e5f\" class=\"has-inline-color\">Somos <strong>Valencia\u2019s Wood Luxury<\/strong>, una marca en la que fabricamos <strong>mesas de dise\u00f1o exclusivo con madera maciza<\/strong> de especies ex\u00f3ticas en Valencia, donde apoyamos valores como la artesan\u00eda y la sostenibilidad con el objetivo de mantener y cuidar cada uno de los procesos de la madera.<\/span><\/p>\n\n\n\n<p class=\"has-text-align-justify\"><span style=\"color:#5d5e5f\" class=\"has-inline-color\">La marca de mesas nace de&nbsp;<\/span><span class=\"has-inline-color has-luminous-vivid-orange-color\"><a href=\"https:\/\/chapastarinehijos.com\">Chapas Tar\u00edn e Hijos S.L.<\/a><\/span><span style=\"color:#5d5e5f\" class=\"has-inline-color\">, fundada en 1967 por D. Jos\u00e9 Tar\u00edn Causera. Desde entonces nos dedicamos a la fabricaci\u00f3n y venta de chapas y <strong>mesas de madera<\/strong> con m\u00e1s de 50 a\u00f1os de experiencia en el sector.<\/span><\/p>\n\n\n\n<p class=\"has-text-align-justify\"><span style=\"color:#5d5e5f\" class=\"has-inline-color\">Trabajamos con maderas FSC\u00ae (Forest Stewardship Council) \u00ae la marca de la gesti\u00f3n forestal responsable.<\/span><\/p>\n\n\n\n<p class=\"has-text-align-justify\"><span style=\"color:#5d5e5f\" class=\"has-inline-color\">Las seleccionamos en su lugar de origen, principalmente del continente Africano, obteniendo as\u00ed una madera de gran calidad.<\/span><\/p>\n\n\n\n<p class=\"has-text-align-justify\"><span style=\"color:#5a5b5c\" class=\"has-inline-color\">Con todo ello, desde Valencia\u2019s Wood, pretendemos hacer de nosotros una marca s\u00f3lida, responsable y con prestigio.<\/span><\/p>\n\n\n\n<p><a href=\"https:\/\/valenciaswood.com\/index.php\/works\/\">Aqu\u00ed puedes ver algunos de nuestros trabajos<\/a><span style=\"color:#5a5b5c\" class=\"has-inline-color\"> de clientes satisfechos.<\/span><\/p>\n\n\n\n<hr class=\"wp-block-separator has-css-opacity is-style-wide\"\/>\n\n\n\n<p><span style=\"color:#5a5b5c\" class=\"has-inline-color\">Encuentra tu mesa ideal entre nuestras&nbsp;<a href=\"https:\/\/valenciaswood.com\/index.php\/categoria-producto\/mesas-de-madera-maciza-acabadas\/\">mesas acabadas<\/a> y, si lo prefieres, te podemos hacer tu&nbsp;<a href=\"https:\/\/valenciaswood.com\/index.php\/especies-madera-mesa\/\">mesa a medida<\/a> eligiendo el tabl\u00f3n de madera maciza preferido y las caracter\u00edsticas de la mesa que mejor se adapten a tus necesidades.<\/span><\/p>\n\n\n\n<p><span style=\"color:#5a5b5c\" class=\"has-inline-color\">Puedes <a href=\"https:\/\/valenciaswood.com\/index.php\/especies-madera-mesa\/\">elegir tu tabl\u00f3n entre una amplia variedad de especies<\/a>. Cada uno es \u00fanico en sus medidas y forma. Si no encuentras la tabla del tama\u00f1o que necesitas, te la podemos cortar seg\u00fan tus necesidades.<\/span><\/p>\n\n\n\n<p><span style=\"color:#5a5b5c\" class=\"has-inline-color\">Despu\u00e9s, puedes elegir el acabado entre natural, brillo o mate, as\u00ed como&nbsp;elegir entre nuestras patas o comprar el tabl\u00f3n solo.<\/span><\/p>\n\n\n\n<p><span style=\"color:#5a5b5c\" class=\"has-inline-color\">Para cualquier consulta, no dudes en ponerte en contacto con nosotros. Te atenderemos encantados en el tel\u00e9fono <a href=\"tel:963975629\">963975629<\/a> o en Ctra. Benet\u00fasser, naves 68,70, 46200 de Paiporta, Valencia. Nuestro horario de atenci\u00f3n al cliente es de lunes a viernes de 08:00 a 16:30 horas ininterrumpidamente.<\/span><\/p>\n\n\n\n<p><span style=\"color:#5a5b5c\" class=\"has-inline-color\">Valencia&#8217;s Wood Luxury, tu marca de madera.<\/span><\/p>\n\n\n<div class=\"wp-block-image\">\n<figure class=\"alignleft size-large\"><img data-recalc-dims=\"1\" decoding=\"async\" width=\"512\" height=\"512\" data-src=\"https:\/\/i0.wp.com\/valenciaswood.com\/wp-content\/uploads\/2020\/11\/m_mesa-2-2.jpeg?resize=512%2C512&#038;ssl=1\" alt=\"\" class=\"wp-image-5763 lazyload\" data-srcset=\"https:\/\/i0.wp.com\/valenciaswood.com\/wp-content\/uploads\/2020\/11\/m_mesa-2-2.jpeg?w=512&amp;ssl=1 512w, https:\/\/i0.wp.com\/valenciaswood.com\/wp-content\/uploads\/2020\/11\/m_mesa-2-2.jpeg?resize=300%2C300&amp;ssl=1 300w, https:\/\/i0.wp.com\/valenciaswood.com\/wp-content\/uploads\/2020\/11\/m_mesa-2-2.jpeg?resize=150%2C150&amp;ssl=1 150w, https:\/\/i0.wp.com\/valenciaswood.com\/wp-content\/uploads\/2020\/11\/m_mesa-2-2.jpeg?resize=146%2C146&amp;ssl=1 146w, https:\/\/i0.wp.com\/valenciaswood.com\/wp-content\/uploads\/2020\/11\/m_mesa-2-2.jpeg?resize=50%2C50&amp;ssl=1 50w, https:\/\/i0.wp.com\/valenciaswood.com\/wp-content\/uploads\/2020\/11\/m_mesa-2-2.jpeg?resize=75%2C75&amp;ssl=1 75w, https:\/\/i0.wp.com\/valenciaswood.com\/wp-content\/uploads\/2020\/11\/m_mesa-2-2.jpeg?resize=85%2C85&amp;ssl=1 85w, https:\/\/i0.wp.com\/valenciaswood.com\/wp-content\/uploads\/2020\/11\/m_mesa-2-2.jpeg?resize=80%2C80&amp;ssl=1 80w\" data-sizes=\"(max-width:767px) 480px, 512px\" src=\"data:image\/svg+xml;base64,PHN2ZyB3aWR0aD0iMSIgaGVpZ2h0PSIxIiB4bWxucz0iaHR0cDovL3d3dy53My5vcmcvMjAwMC9zdmciPjwvc3ZnPg==\" style=\"--smush-placeholder-width: 512px; --smush-placeholder-aspect-ratio: 512\/512;\" \/><\/figure>\n<\/div>\n\n<div class=\"wp-block-image\">\n<figure class=\"alignright size-large\"><img data-recalc-dims=\"1\" decoding=\"async\" width=\"512\" height=\"300\" data-src=\"https:\/\/i0.wp.com\/valenciaswood.com\/wp-content\/uploads\/2020\/11\/m_Patas-en-X..jpeg?resize=512%2C300&#038;ssl=1\" alt=\"\" class=\"wp-image-5765 lazyload\" data-srcset=\"https:\/\/i0.wp.com\/valenciaswood.com\/wp-content\/uploads\/2020\/11\/m_Patas-en-X..jpeg?w=512&amp;ssl=1 512w, https:\/\/i0.wp.com\/valenciaswood.com\/wp-content\/uploads\/2020\/11\/m_Patas-en-X..jpeg?resize=300%2C176&amp;ssl=1 300w, https:\/\/i0.wp.com\/valenciaswood.com\/wp-content\/uploads\/2020\/11\/m_Patas-en-X..jpeg?resize=249%2C146&amp;ssl=1 249w, https:\/\/i0.wp.com\/valenciaswood.com\/wp-content\/uploads\/2020\/11\/m_Patas-en-X..jpeg?resize=50%2C29&amp;ssl=1 50w, https:\/\/i0.wp.com\/valenciaswood.com\/wp-content\/uploads\/2020\/11\/m_Patas-en-X..jpeg?resize=128%2C75&amp;ssl=1 128w\" data-sizes=\"(max-width:767px) 480px, 512px\" src=\"data:image\/svg+xml;base64,PHN2ZyB3aWR0aD0iMSIgaGVpZ2h0PSIxIiB4bWxucz0iaHR0cDovL3d3dy53My5vcmcvMjAwMC9zdmciPjwvc3ZnPg==\" style=\"--smush-placeholder-width: 512px; --smush-placeholder-aspect-ratio: 512\/300;\" \/><\/figure>\n<\/div>\n\n<div class=\"wp-block-image\">\n<figure class=\"alignright size-large\"><img data-recalc-dims=\"1\" decoding=\"async\" width=\"512\" height=\"232\" data-src=\"https:\/\/i0.wp.com\/valenciaswood.com\/wp-content\/uploads\/2020\/11\/m_VSW.jpeg?resize=512%2C232&#038;ssl=1\" alt=\"\" class=\"wp-image-5767 lazyload\" data-srcset=\"https:\/\/i0.wp.com\/valenciaswood.com\/wp-content\/uploads\/2020\/11\/m_VSW.jpeg?w=512&amp;ssl=1 512w, https:\/\/i0.wp.com\/valenciaswood.com\/wp-content\/uploads\/2020\/11\/m_VSW.jpeg?resize=300%2C136&amp;ssl=1 300w, https:\/\/i0.wp.com\/valenciaswood.com\/wp-content\/uploads\/2020\/11\/m_VSW.jpeg?resize=260%2C118&amp;ssl=1 260w, https:\/\/i0.wp.com\/valenciaswood.com\/wp-content\/uploads\/2020\/11\/m_VSW.jpeg?resize=50%2C23&amp;ssl=1 50w, https:\/\/i0.wp.com\/valenciaswood.com\/wp-content\/uploads\/2020\/11\/m_VSW.jpeg?resize=150%2C68&amp;ssl=1 150w\" data-sizes=\"(max-width:767px) 480px, 512px\" src=\"data:image\/svg+xml;base64,PHN2ZyB3aWR0aD0iMSIgaGVpZ2h0PSIxIiB4bWxucz0iaHR0cDovL3d3dy53My5vcmcvMjAwMC9zdmciPjwvc3ZnPg==\" style=\"--smush-placeholder-width: 512px; --smush-placeholder-aspect-ratio: 512\/232;\" \/><\/figure>\n<\/div>","protected":false},"excerpt":{"rendered":"<p>Somos Valencia\u2019s Wood Luxury, una marca en la que fabricamos mesas de dise\u00f1o exclusivo con madera maciza de especies ex\u00f3ticas en Valencia, donde apoyamos valores como la artesan\u00eda y la<span class=\"excerpt-hellip\"> [\u2026]<\/span><\/p>\n","protected":false},"author":1,"featured_media":1272,"parent":0,"menu_order":0,"comment_status":"closed","ping_status":"closed","template":"","meta":{"footnotes":""},"class_list":["post-8","page","type-page","status-publish","has-post-thumbnail","hentry"],"yoast_head":"<!-- This site is optimized with the Yoast SEO plugin v27.3 - https:\/\/yoast.com\/product\/yoast-seo-wordpress\/ -->\n<title>Valencia&#039;s Wood Luxury - Mesas de madera maciza personalizadas<\/title>\n<meta name=\"description\" content=\"Mesas de madera maciza. Encuentra la mesa de tus sue\u00f1os, o elige el tipo de madera y caracter\u00edsticas con la que construirla.\" \/>\n<meta name=\"robots\" content=\"index, follow, max-snippet:-1, max-image-preview:large, max-video-preview:-1\" \/>\n<link rel=\"canonical\" href=\"https:\/\/valenciaswood.com\/index.php\/sobre-nosotros\/\" \/>\n<meta property=\"og:locale\" content=\"es_ES\" \/>\n<meta property=\"og:type\" content=\"article\" \/>\n<meta property=\"og:title\" content=\"Valencia&#039;s Wood Luxury - Mesas de madera maciza personalizadas\" \/>\n<meta property=\"og:description\" content=\"Mesas de madera maciza. Encuentra la mesa de tus sue\u00f1os, o elige el tipo de madera y caracter\u00edsticas con la que construirla.\" \/>\n<meta property=\"og:url\" content=\"https:\/\/valenciaswood.com\/index.php\/sobre-nosotros\/\" \/>\n<meta property=\"og:site_name\" content=\"Valencia&#039;s Wood Luxury\" \/>\n<meta property=\"article:modified_time\" content=\"2025-11-05T14:36:59+00:00\" \/>\n<meta property=\"og:image\" content=\"https:\/\/valenciaswood.com\/wp-content\/uploads\/2020\/02\/about.jpg\" \/>\n\t<meta property=\"og:image:width\" content=\"1920\" \/>\n\t<meta property=\"og:image:height\" content=\"800\" \/>\n\t<meta property=\"og:image:type\" content=\"image\/jpeg\" \/>\n<meta name=\"twitter:card\" content=\"summary_large_image\" \/>\n<script type=\"application\/ld+json\" class=\"yoast-schema-graph\">{\"@context\":\"https:\\\/\\\/schema.org\",\"@graph\":[{\"@type\":\"WebPage\",\"@id\":\"https:\\\/\\\/valenciaswood.com\\\/index.php\\\/sobre-nosotros\\\/\",\"url\":\"https:\\\/\\\/valenciaswood.com\\\/index.php\\\/sobre-nosotros\\\/\",\"name\":\"Valencia&#039;s Wood Luxury - Mesas de madera maciza personalizadas\",\"isPartOf\":{\"@id\":\"https:\\\/\\\/valenciaswood.com\\\/#website\"},\"primaryImageOfPage\":{\"@id\":\"https:\\\/\\\/valenciaswood.com\\\/index.php\\\/sobre-nosotros\\\/#primaryimage\"},\"image\":{\"@id\":\"https:\\\/\\\/valenciaswood.com\\\/index.php\\\/sobre-nosotros\\\/#primaryimage\"},\"thumbnailUrl\":\"https:\\\/\\\/i0.wp.com\\\/valenciaswood.com\\\/wp-content\\\/uploads\\\/2020\\\/02\\\/about.jpg?fit=1920%2C800&ssl=1\",\"datePublished\":\"2018-11-05T11:59:38+00:00\",\"dateModified\":\"2025-11-05T14:36:59+00:00\",\"description\":\"Mesas de madera maciza. Encuentra la mesa de tus sue\u00f1os, o elige el tipo de madera y caracter\u00edsticas con la que construirla.\",\"breadcrumb\":{\"@id\":\"https:\\\/\\\/valenciaswood.com\\\/index.php\\\/sobre-nosotros\\\/#breadcrumb\"},\"inLanguage\":\"es\",\"potentialAction\":[{\"@type\":\"ReadAction\",\"target\":[\"https:\\\/\\\/valenciaswood.com\\\/index.php\\\/sobre-nosotros\\\/\"]}]},{\"@type\":\"ImageObject\",\"inLanguage\":\"es\",\"@id\":\"https:\\\/\\\/valenciaswood.com\\\/index.php\\\/sobre-nosotros\\\/#primaryimage\",\"url\":\"https:\\\/\\\/i0.wp.com\\\/valenciaswood.com\\\/wp-content\\\/uploads\\\/2020\\\/02\\\/about.jpg?fit=1920%2C800&ssl=1\",\"contentUrl\":\"https:\\\/\\\/i0.wp.com\\\/valenciaswood.com\\\/wp-content\\\/uploads\\\/2020\\\/02\\\/about.jpg?fit=1920%2C800&ssl=1\",\"width\":1920,\"height\":800,\"caption\":\"Valencia's Wood.\"},{\"@type\":\"BreadcrumbList\",\"@id\":\"https:\\\/\\\/valenciaswood.com\\\/index.php\\\/sobre-nosotros\\\/#breadcrumb\",\"itemListElement\":[{\"@type\":\"ListItem\",\"position\":1,\"name\":\"Portada\",\"item\":\"https:\\\/\\\/valenciaswood.com\\\/\"},{\"@type\":\"ListItem\",\"position\":2,\"name\":\"Sobre nosotros\"}]},{\"@type\":\"WebSite\",\"@id\":\"https:\\\/\\\/valenciaswood.com\\\/#website\",\"url\":\"https:\\\/\\\/valenciaswood.com\\\/\",\"name\":\"Valencia's Wood Luxury\",\"description\":\"\",\"publisher\":{\"@id\":\"https:\\\/\\\/valenciaswood.com\\\/#organization\"},\"potentialAction\":[{\"@type\":\"SearchAction\",\"target\":{\"@type\":\"EntryPoint\",\"urlTemplate\":\"https:\\\/\\\/valenciaswood.com\\\/?s={search_term_string}\"},\"query-input\":{\"@type\":\"PropertyValueSpecification\",\"valueRequired\":true,\"valueName\":\"search_term_string\"}}],\"inLanguage\":\"es\"},{\"@type\":\"Organization\",\"@id\":\"https:\\\/\\\/valenciaswood.com\\\/#organization\",\"name\":\"Valencia's Wood\",\"url\":\"https:\\\/\\\/valenciaswood.com\\\/\",\"logo\":{\"@type\":\"ImageObject\",\"inLanguage\":\"es\",\"@id\":\"https:\\\/\\\/valenciaswood.com\\\/#\\\/schema\\\/logo\\\/image\\\/\",\"url\":\"https:\\\/\\\/i0.wp.com\\\/valenciaswood.com\\\/wp-content\\\/uploads\\\/2020\\\/01\\\/logo.png?fit=200%2C75&ssl=1\",\"contentUrl\":\"https:\\\/\\\/i0.wp.com\\\/valenciaswood.com\\\/wp-content\\\/uploads\\\/2020\\\/01\\\/logo.png?fit=200%2C75&ssl=1\",\"width\":200,\"height\":75,\"caption\":\"Valencia's Wood\"},\"image\":{\"@id\":\"https:\\\/\\\/valenciaswood.com\\\/#\\\/schema\\\/logo\\\/image\\\/\"}}]}<\/script>\n<!-- \/ Yoast SEO plugin. -->","yoast_head_json":{"title":"Valencia&#039;s Wood Luxury - Mesas de madera maciza personalizadas","description":"Mesas de madera maciza. Encuentra la mesa de tus sue\u00f1os, o elige el tipo de madera y caracter\u00edsticas con la que construirla.","robots":{"index":"index","follow":"follow","max-snippet":"max-snippet:-1","max-image-preview":"max-image-preview:large","max-video-preview":"max-video-preview:-1"},"canonical":"https:\/\/valenciaswood.com\/index.php\/sobre-nosotros\/","og_locale":"es_ES","og_type":"article","og_title":"Valencia&#039;s Wood Luxury - Mesas de madera maciza personalizadas","og_description":"Mesas de madera maciza. Encuentra la mesa de tus sue\u00f1os, o elige el tipo de madera y caracter\u00edsticas con la que construirla.","og_url":"https:\/\/valenciaswood.com\/index.php\/sobre-nosotros\/","og_site_name":"Valencia&#039;s Wood Luxury","article_modified_time":"2025-11-05T14:36:59+00:00","og_image":[{"width":1920,"height":800,"url":"https:\/\/valenciaswood.com\/wp-content\/uploads\/2020\/02\/about.jpg","type":"image\/jpeg"}],"twitter_card":"summary_large_image","schema":{"@context":"https:\/\/schema.org","@graph":[{"@type":"WebPage","@id":"https:\/\/valenciaswood.com\/index.php\/sobre-nosotros\/","url":"https:\/\/valenciaswood.com\/index.php\/sobre-nosotros\/","name":"Valencia&#039;s Wood Luxury - Mesas de madera maciza personalizadas","isPartOf":{"@id":"https:\/\/valenciaswood.com\/#website"},"primaryImageOfPage":{"@id":"https:\/\/valenciaswood.com\/index.php\/sobre-nosotros\/#primaryimage"},"image":{"@id":"https:\/\/valenciaswood.com\/index.php\/sobre-nosotros\/#primaryimage"},"thumbnailUrl":"https:\/\/i0.wp.com\/valenciaswood.com\/wp-content\/uploads\/2020\/02\/about.jpg?fit=1920%2C800&ssl=1","datePublished":"2018-11-05T11:59:38+00:00","dateModified":"2025-11-05T14:36:59+00:00","description":"Mesas de madera maciza. Encuentra la mesa de tus sue\u00f1os, o elige el tipo de madera y caracter\u00edsticas con la que construirla.","breadcrumb":{"@id":"https:\/\/valenciaswood.com\/index.php\/sobre-nosotros\/#breadcrumb"},"inLanguage":"es","potentialAction":[{"@type":"ReadAction","target":["https:\/\/valenciaswood.com\/index.php\/sobre-nosotros\/"]}]},{"@type":"ImageObject","inLanguage":"es","@id":"https:\/\/valenciaswood.com\/index.php\/sobre-nosotros\/#primaryimage","url":"https:\/\/i0.wp.com\/valenciaswood.com\/wp-content\/uploads\/2020\/02\/about.jpg?fit=1920%2C800&ssl=1","contentUrl":"https:\/\/i0.wp.com\/valenciaswood.com\/wp-content\/uploads\/2020\/02\/about.jpg?fit=1920%2C800&ssl=1","width":1920,"height":800,"caption":"Valencia's Wood."},{"@type":"BreadcrumbList","@id":"https:\/\/valenciaswood.com\/index.php\/sobre-nosotros\/#breadcrumb","itemListElement":[{"@type":"ListItem","position":1,"name":"Portada","item":"https:\/\/valenciaswood.com\/"},{"@type":"ListItem","position":2,"name":"Sobre nosotros"}]},{"@type":"WebSite","@id":"https:\/\/valenciaswood.com\/#website","url":"https:\/\/valenciaswood.com\/","name":"Valencia's Wood Luxury","description":"","publisher":{"@id":"https:\/\/valenciaswood.com\/#organization"},"potentialAction":[{"@type":"SearchAction","target":{"@type":"EntryPoint","urlTemplate":"https:\/\/valenciaswood.com\/?s={search_term_string}"},"query-input":{"@type":"PropertyValueSpecification","valueRequired":true,"valueName":"search_term_string"}}],"inLanguage":"es"},{"@type":"Organization","@id":"https:\/\/valenciaswood.com\/#organization","name":"Valencia's Wood","url":"https:\/\/valenciaswood.com\/","logo":{"@type":"ImageObject","inLanguage":"es","@id":"https:\/\/valenciaswood.com\/#\/schema\/logo\/image\/","url":"https:\/\/i0.wp.com\/valenciaswood.com\/wp-content\/uploads\/2020\/01\/logo.png?fit=200%2C75&ssl=1","contentUrl":"https:\/\/i0.wp.com\/valenciaswood.com\/wp-content\/uploads\/2020\/01\/logo.png?fit=200%2C75&ssl=1","width":200,"height":75,"caption":"Valencia's Wood"},"image":{"@id":"https:\/\/valenciaswood.com\/#\/schema\/logo\/image\/"}}]}},"jetpack_sharing_enabled":true,"_links":{"self":[{"href":"https:\/\/valenciaswood.com\/index.php\/wp-json\/wp\/v2\/pages\/8","targetHints":{"allow":["GET"]}}],"collection":[{"href":"https:\/\/valenciaswood.com\/index.php\/wp-json\/wp\/v2\/pages"}],"about":[{"href":"https:\/\/valenciaswood.com\/index.php\/wp-json\/wp\/v2\/types\/page"}],"author":[{"embeddable":true,"href":"https:\/\/valenciaswood.com\/index.php\/wp-json\/wp\/v2\/users\/1"}],"replies":[{"embeddable":true,"href":"https:\/\/valenciaswood.com\/index.php\/wp-json\/wp\/v2\/comments?post=8"}],"version-history":[{"count":20,"href":"https:\/\/valenciaswood.com\/index.php\/wp-json\/wp\/v2\/pages\/8\/revisions"}],"predecessor-version":[{"id":12116,"href":"https:\/\/valenciaswood.com\/index.php\/wp-json\/wp\/v2\/pages\/8\/revisions\/12116"}],"wp:featuredmedia":[{"embeddable":true,"href":"https:\/\/valenciaswood.com\/index.php\/wp-json\/wp\/v2\/media\/1272"}],"wp:attachment":[{"href":"https:\/\/valenciaswood.com\/index.php\/wp-json\/wp\/v2\/media?parent=8"}],"curies":[{"name":"wp","href":"https:\/\/api.w.org\/{rel}","templated":true}]}}